{"id":590,"date":"2020-07-15T13:19:11","date_gmt":"2020-07-15T17:19:11","guid":{"rendered":"http:\/\/192.99.91.64\/~carwhca\/?page_id=590"},"modified":"2020-11-06T19:45:09","modified_gmt":"2020-11-07T00:45:09","slug":"a-notre-sujet","status":"publish","type":"page","link":"https:\/\/carwh.ca\/fr\/a-notre-sujet\/","title":{"rendered":"\u00c0 notre sujet"},"content":{"rendered":"<p>[et_pb_section fb_built=\u00a0\u00bb1&Prime; custom_padding_last_edited=\u00a0\u00bbon|desktop\u00a0\u00bb admin_label=\u00a0\u00bbHero Section\u00a0\u00bb _builder_version=\u00a0\u00bb4.4.8&Prime; use_background_color_gradient=\u00a0\u00bbon\u00a0\u00bb background_color_gradient_start=\u00a0\u00bbrgba(10,10,10,0.44)\u00a0\u00bb background_color_gradient_end=\u00a0\u00bbrgba(58,58,58,0.38)\u00a0\u00bb background_color_gradient_direction=\u00a0\u00bb169deg\u00a0\u00bb background_color_gradient_start_position=\u00a0\u00bb20%\u00a0\u00bb background_color_gradient_overlays_image=\u00a0\u00bbon\u00a0\u00bb background_image=\u00a0\u00bbhttps:\/\/carwh.ca\/wp-content\/uploads\/2020\/07\/230075-P1ZDXJ-761-scaled.jpg\u00a0\u00bb custom_margin=\u00a0\u00bb|||\u00a0\u00bb custom_padding=\u00a0\u00bb119px|0px|119px|0px\u00a0\u00bb custom_padding_tablet=\u00a0\u00bb\u00a0\u00bb custom_padding_phone=\u00a0\u00bb85px||85px||true|false\u00a0\u00bb hover_enabled=\u00a0\u00bb0&Prime;][et_pb_row custom_padding_last_edited=\u00a0\u00bboff|desktop\u00a0\u00bb admin_label=\u00a0\u00bbHero Area\u00a0\u00bb _builder_version=\u00a0\u00bb3.25&Prime; custom_padding=\u00a0\u00bb27px|0px|0px|0px\u00a0\u00bb][et_pb_column type=\u00a0\u00bb4_4&Prime; _builder_version=\u00a0\u00bb3.25&Prime; custom_padding=\u00a0\u00bb|||\u00a0\u00bb custom_padding__hover=\u00a0\u00bb|||\u00a0\u00bb][et_pb_text admin_label=\u00a0\u00bbHero Title\u00a0\u00bb _builder_version=\u00a0\u00bb4.4.8&Prime; text_font=\u00a0\u00bbPlayfair Display||||||||\u00a0\u00bb header_font=\u00a0\u00bbBebas Neue|||on|||||\u00a0\u00bb header_text_color=\u00a0\u00bb#ffffff\u00a0\u00bb header_font_size=\u00a0\u00bb95px\u00a0\u00bb header_letter_spacing=\u00a0\u00bb2px\u00a0\u00bb header_line_height=\u00a0\u00bb1.1em\u00a0\u00bb custom_margin=\u00a0\u00bb||0px|\u00a0\u00bb custom_padding=\u00a0\u00bb|||\u00a0\u00bb animation_style=\u00a0\u00bbslide\u00a0\u00bb animation_direction=\u00a0\u00bbleft\u00a0\u00bb animation_intensity_slide=\u00a0\u00bb5%\u00a0\u00bb animation_starting_opacity=\u00a0\u00bb100%\u00a0\u00bb text_font_size_last_edited=\u00a0\u00bboff|desktop\u00a0\u00bb header_font_size_tablet=\u00a0\u00bb\u00a0\u00bb header_font_size_phone=\u00a0\u00bb60px\u00a0\u00bb header_font_size_last_edited=\u00a0\u00bbon|phone\u00a0\u00bb header_text_shadow_style=\u00a0\u00bbpreset1&Prime; header_text_shadow_blur_strength=\u00a0\u00bb0.22em\u00a0\u00bb header_text_shadow_blur_strength_tablet=\u00a0\u00bb\u00a0\u00bb header_text_shadow_blur_strength_phone=\u00a0\u00bb\u00a0\u00bb header_text_shadow_blur_strength_last_edited=\u00a0\u00bbon|desktop\u00a0\u00bb]<\/p>\n<h1>\u00c0 notre sujet<\/h1>\n<p>[\/et_pb_text][\/et_pb_column][\/et_pb_row][\/et_pb_section][et_pb_section fb_built=\u00a0\u00bb1&Prime; admin_label=\u00a0\u00bbAbout Us\u00a0\u00bb _builder_version=\u00a0\u00bb3.22&Prime; custom_padding=\u00a0\u00bb82px|0px||0px|false|false\u00a0\u00bb][et_pb_row _builder_version=\u00a0\u00bb3.25&Prime; max_width=\u00a0\u00bb960px\u00a0\u00bb module_alignment=\u00a0\u00bbcenter\u00a0\u00bb use_custom_width=\u00a0\u00bbon\u00a0\u00bb custom_width_px=\u00a0\u00bb960px\u00a0\u00bb locked=\u00a0\u00bboff\u00a0\u00bb][et_pb_column type=\u00a0\u00bb4_4&Prime; _builder_version=\u00a0\u00bb3.25&Prime; custom_padding=\u00a0\u00bb|||\u00a0\u00bb custom_padding__hover=\u00a0\u00bb|||\u00a0\u00bb][et_pb_text admin_label=\u00a0\u00bbTitle\u00a0\u00bb _builder_version=\u00a0\u00bb4.4.8&Prime; text_font=\u00a0\u00bbRaleway||||||||\u00a0\u00bb text_font_size=\u00a0\u00bb20px\u00a0\u00bb text_line_height=\u00a0\u00bb1.8em\u00a0\u00bb header_font=\u00a0\u00bb||||||||\u00a0\u00bb header_2_font=\u00a0\u00bbTeko||||||||\u00a0\u00bb header_2_font_size=\u00a0\u00bb96px\u00a0\u00bb text_orientation=\u00a0\u00bbcenter\u00a0\u00bb max_width=\u00a0\u00bb750px\u00a0\u00bb module_alignment=\u00a0\u00bbcenter\u00a0\u00bb custom_margin=\u00a0\u00bb|||\u00a0\u00bb header_2_font_size_tablet=\u00a0\u00bb66px\u00a0\u00bb header_2_font_size_phone=\u00a0\u00bb36px\u00a0\u00bb header_2_font_size_last_edited=\u00a0\u00bbon|phone\u00a0\u00bb]<\/p>\n<p>Une association \u00e0 but non lucratif regroupant des chercheurs canadiens dont le travail consiste d&rsquo;abord \u00e0 \u00e9tudier la pr\u00e9vention ainsi que la gestion de la mauvaise sant\u00e9, de l&rsquo;invalidit\u00e9 et des blessures li\u00e9es aux activit\u00e9s et aux environnements de travail.<\/p>\n<p><span>L&rsquo;association a \u00e9t\u00e9 cr\u00e9\u00e9e<\/span>\u00a0le 12 janvier 2001 \u00e0 Montreal, Qu\u00e9bec.<\/p>\n<p>[\/et_pb_text][\/et_pb_column][\/et_pb_row][\/et_pb_section][et_pb_section fb_built=\u00a0\u00bb1&Prime; custom_padding_last_edited=\u00a0\u00bbon|phone\u00a0\u00bb prev_background_color=\u00a0\u00bb#ffffff\u00a0\u00bb next_background_color=\u00a0\u00bb#ffffff\u00a0\u00bb admin_label=\u00a0\u00bbOur History\u00a0\u00bb _builder_version=\u00a0\u00bb4.4.8&Prime; use_background_color_gradient=\u00a0\u00bbon\u00a0\u00bb background_color_gradient_start=\u00a0\u00bbrgba(27,31,37,0.3)\u00a0\u00bb background_color_gradient_end=\u00a0\u00bb#1b1f25&Prime; background_color_gradient_overlays_image=\u00a0\u00bbon\u00a0\u00bb background_image=\u00a0\u00bbhttps:\/\/carwh.ca\/wp-content\/uploads\/2020\/06\/letter-to-Truddeau-scaled.jpg\u00a0\u00bb custom_margin=\u00a0\u00bb-21px|||||\u00a0\u00bb custom_padding=\u00a0\u00bb175px||21px||false|false\u00a0\u00bb custom_padding_tablet=\u00a0\u00bb|||\u00a0\u00bb custom_padding_phone=\u00a0\u00bb100px|||\u00a0\u00bb top_divider_style=\u00a0\u00bbarrow\u00a0\u00bb top_divider_height_tablet=\u00a0\u00bb\u00a0\u00bb top_divider_height_phone=\u00a0\u00bb50px\u00a0\u00bb top_divider_height_last_edited=\u00a0\u00bbon|phone\u00a0\u00bb bottom_divider_style=\u00a0\u00bbarrow\u00a0\u00bb box_shadow_style=\u00a0\u00bbpreset7&Prime; box_shadow_horizontal=\u00a0\u00bb0px\u00a0\u00bb box_shadow_vertical=\u00a0\u00bb-150px\u00a0\u00bb box_shadow_color=\u00a0\u00bb#ffffff\u00a0\u00bb locked=\u00a0\u00bboff\u00a0\u00bb][et_pb_row column_structure=\u00a0\u00bb1_2,1_2&Prime; custom_padding_last_edited=\u00a0\u00bboff|desktop\u00a0\u00bb _builder_version=\u00a0\u00bb3.25&Prime; background_color=\u00a0\u00bb#f7f7f7&Prime; module_alignment=\u00a0\u00bbcenter\u00a0\u00bb custom_margin=\u00a0\u00bb0px|||\u00a0\u00bb custom_padding=\u00a0\u00bb99px|5%|36px|5%||true\u00a0\u00bb use_custom_width=\u00a0\u00bbon\u00a0\u00bb locked=\u00a0\u00bboff\u00a0\u00bb][et_pb_column type=\u00a0\u00bb1_2&Prime; _builder_version=\u00a0\u00bb3.25&Prime; custom_padding=\u00a0\u00bb|||\u00a0\u00bb custom_padding__hover=\u00a0\u00bb|||\u00a0\u00bb][et_pb_text admin_label=\u00a0\u00bbTitle\u00a0\u00bb _builder_version=\u00a0\u00bb4.4.8&Prime; text_font=\u00a0\u00bbRaleway||||||||\u00a0\u00bb text_font_size=\u00a0\u00bb20px\u00a0\u00bb text_line_height=\u00a0\u00bb1.8em\u00a0\u00bb header_font=\u00a0\u00bb||||||||\u00a0\u00bb header_2_font=\u00a0\u00bbBebas Neue||||||||\u00a0\u00bb header_2_font_size=\u00a0\u00bb61px\u00a0\u00bb background_color=\u00a0\u00bb#f7f7f7&Prime; max_width=\u00a0\u00bb700px\u00a0\u00bb module_alignment=\u00a0\u00bbcenter\u00a0\u00bb custom_margin=\u00a0\u00bb||0px|\u00a0\u00bb header_2_font_size_tablet=\u00a0\u00bb66px\u00a0\u00bb header_2_font_size_phone=\u00a0\u00bb36px\u00a0\u00bb header_2_font_size_last_edited=\u00a0\u00bbon|phone\u00a0\u00bb]<\/p>\n<h2>\nQuel est le but de l&rsquo;association<\/h2>\n<p>Accro\u00eetre et promouvoir la recherche sur la sant\u00e9, la s\u00e9curit\u00e9, et le bien-\u00eatre au travail au Canada, et recommander des fa\u00e7ons de modifier les activit\u00e9s et les environnements professionnels pour am\u00e9liorer la sant\u00e9, la s\u00e9curit\u00e9 et le bien-\u00eatre des Canadiens..<\/p>\n<p>[\/et_pb_text][\/et_pb_column][et_pb_column type=\u00a0\u00bb1_2&Prime; _builder_version=\u00a0\u00bb3.25&Prime; custom_padding=\u00a0\u00bb|||\u00a0\u00bb custom_padding__hover=\u00a0\u00bb|||\u00a0\u00bb][et_pb_text admin_label=\u00a0\u00bbTitle\u00a0\u00bb _builder_version=\u00a0\u00bb4.4.8&Prime; text_font=\u00a0\u00bbRaleway||||||||\u00a0\u00bb text_font_size=\u00a0\u00bb20px\u00a0\u00bb text_line_height=\u00a0\u00bb1.8em\u00a0\u00bb header_font=\u00a0\u00bb||||||||\u00a0\u00bb header_2_font=\u00a0\u00bbBebas Neue||||||||\u00a0\u00bb header_2_font_size=\u00a0\u00bb61px\u00a0\u00bb background_color=\u00a0\u00bb#f7f7f7&Prime; max_width=\u00a0\u00bb700px\u00a0\u00bb module_alignment=\u00a0\u00bbcenter\u00a0\u00bb custom_margin=\u00a0\u00bb2px||0px|||\u00a0\u00bb hover_enabled=\u00a0\u00bb0&Prime; header_2_font_size_tablet=\u00a0\u00bb66px\u00a0\u00bb header_2_font_size_phone=\u00a0\u00bb36px\u00a0\u00bb header_2_font_size_last_edited=\u00a0\u00bbon|phone\u00a0\u00bb locked=\u00a0\u00bboff\u00a0\u00bb custom_margin_last_edited=\u00a0\u00bbon|phone\u00a0\u00bb custom_margin_phone=\u00a0\u00bb41px||0px||false|false\u00a0\u00bb]<\/p>\n<h2>Qui peut devenir membre?<\/h2>\n<p>[\/et_pb_text][et_pb_text _builder_version=\u00a0\u00bb4.4.8&Prime; text_font=\u00a0\u00bbRaleway||||||||\u00a0\u00bb text_font_size=\u00a0\u00bb20px\u00a0\u00bb text_line_height=\u00a0\u00bb1.8em\u00a0\u00bb custom_margin=\u00a0\u00bb-3px|||||\u00a0\u00bb]<\/p>\n<p>Peut devenir membre quiconque se d\u00e9finit comme chercheur en sant\u00e9 au travail au Canada.<\/p>\n<p>[\/et_pb_text][\/et_pb_column][\/et_pb_row][et_pb_row custom_padding_last_edited=\u00a0\u00bboff|desktop\u00a0\u00bb _builder_version=\u00a0\u00bb3.25&Prime; background_color=\u00a0\u00bb#f7f7f7&Prime; module_alignment=\u00a0\u00bbcenter\u00a0\u00bb custom_margin=\u00a0\u00bb0px|||\u00a0\u00bb custom_padding=\u00a0\u00bb9px|5%|125px|5%||true\u00a0\u00bb use_custom_width=\u00a0\u00bbon\u00a0\u00bb locked=\u00a0\u00bboff\u00a0\u00bb][et_pb_column type=\u00a0\u00bb4_4&Prime; _builder_version=\u00a0\u00bb3.25&Prime; custom_padding=\u00a0\u00bb|||\u00a0\u00bb custom_padding__hover=\u00a0\u00bb|||\u00a0\u00bb][et_pb_text admin_label=\u00a0\u00bbTitle\u00a0\u00bb _builder_version=\u00a0\u00bb4.4.8&Prime; text_font=\u00a0\u00bbLato||||||||\u00a0\u00bb text_font_size=\u00a0\u00bb20px\u00a0\u00bb text_line_height=\u00a0\u00bb1.8em\u00a0\u00bb header_font=\u00a0\u00bb||||||||\u00a0\u00bb header_2_font=\u00a0\u00bbBebas Neue||||||||\u00a0\u00bb header_2_font_size=\u00a0\u00bb61px\u00a0\u00bb background_color=\u00a0\u00bb#f7f7f7&Prime; max_width=\u00a0\u00bb700px\u00a0\u00bb module_alignment=\u00a0\u00bbcenter\u00a0\u00bb custom_margin=\u00a0\u00bb||0px|\u00a0\u00bb header_2_font_size_tablet=\u00a0\u00bb66px\u00a0\u00bb header_2_font_size_phone=\u00a0\u00bb36px\u00a0\u00bb header_2_font_size_last_edited=\u00a0\u00bbon|phone\u00a0\u00bb]<\/p>\n<h2>Quelle est l&rsquo;utilit\u00e9 de l&rsquo;Association?<\/h2>\n<p>Les Canadiens consacrent la majeure partie de leur vie adulte au travail. Par cons\u00e9quent, les incapacit\u00e9s et les affections en rapport avec les activit\u00e9s professionnelles peuvent avoir un impact important, tant sur les individus que sur l&rsquo;ensemble de la soci\u00e9t\u00e9 canadienne. En 1998, 377 000 travailleurs canadiens ont \u00e9t\u00e9 indemnis\u00e9s pour des blessures et des maladies li\u00e9es au travail, et des \u00e9l\u00e9ments probants tendent \u00e0 d\u00e9montrer qu&rsquo;il ne s&rsquo;agit que de la pointe de l&rsquo;iceberg en ce qui concerne les maladies li\u00e9es au travail. Sant\u00e9 Canada estime que le co\u00fbt annuel engag\u00e9 pour compenser la perte de productivit\u00e9 attribu\u00e9e \u00e0 l&rsquo;invalidit\u00e9 de courte et de longue dur\u00e9es, ainsi qu&rsquo;\u00e0 la mortalit\u00e9 pr\u00e9matur\u00e9e, d\u00e9passe les 44 milliards $ (Sant\u00e9 Canada &#8211; Le fardeau \u00e9conomique de la maladie au Canada, 1993). Les estimations \u00e9tablies par d&rsquo;autres sources sugg\u00e8rent que la moiti\u00e9 de ce montant est directement li\u00e9e aux maladies et blessures en relation avec le travail.<\/p>\n<p>La nature du travail a \u00e9volu\u00e9 consid\u00e9rablement au cours des derni\u00e8res d\u00e9cennies, et il est donc n\u00e9cessaire de consid\u00e9rer de nouvelles approches pour maintenir et promouvoir le bien-\u00eatre de la population active au Canada. Les stresseurs physiques et \u00e9motionnels et les changements apport\u00e9s \u00e0 l&rsquo;organisation du travail se sont ajout\u00e9s aux agents chimiques et biologiques, \u00e0 titre de facteurs exigeant une urgente attention en mati\u00e8re de recherche et de r\u00e9glementation.<\/p>\n<p>Les \u00e9tudes sur la sant\u00e9 et le bien-\u00eatre en milieu de travail sont men\u00e9es tant \u00e0 l&rsquo;\u00e9chelle micro que macro, variant de recherches biom\u00e9dicales fondamentales sur les effets toxiques d&rsquo;agents chimiques, biologiques et physiques, jusqu&rsquo;\u00e0 des aspects de l&rsquo;organisation et de la gestion du travail, et de leurs r\u00e9percussions sur la sant\u00e9. De plus, des recherches en pr\u00e9vention et en r\u00e9adaptation sont entreprises dans des domaines comme l&rsquo;ing\u00e9nierie, la gestion, l&rsquo;ergonomie, le droit, la psychologie et les sciences sociales, ainsi que les disciplines de sant\u00e9 plus traditionnelles.<br \/>\nEn r\u00e9sum\u00e9, les \u00e9tudes sur la sant\u00e9, la s\u00e9curit\u00e9 et le bien-\u00eatre en milieu de travail s&rsquo;appliquent \u00e0 la gamme compl\u00e8te des environnements physiques et sociaux o\u00f9 nous exer\u00e7ons nos activit\u00e9s professionnelles, ainsi qu&rsquo;\u00e0 l&rsquo;\u00e9valuation des mesures prises en vue de pr\u00e9venir ou de r\u00e9duire les effets potentiellement nuisibles du travail sur la sant\u00e9. Pourtant, la recherche et les chercheurs du domaine de la sant\u00e9 ne font pas beaucoup de vagues au Canada, et jusqu&rsquo;\u00e0 tout r\u00e9cemment, ils n&rsquo;\u00e9taient pas encore repr\u00e9sent\u00e9s \u00e0 l&rsquo;\u00e9chelle nationale.<\/p>\n<p>L&rsquo;Association canadienne de la recherche en sant\u00e9 et s\u00e9curit\u00e9 au travail a \u00e9t\u00e9 fond\u00e9e \u00e0 Montr\u00e9al, le 12 janvier 2001, pour combler cette lacune en offrant une tribune libre \u00e0 l&rsquo;intention des chercheurs, et pour formuler des conseils partout au pays sur les strat\u00e9gies \u00e0 \u00e9laborer dans le but de pr\u00e9venir les l\u00e9sions professionnelles et de promouvoir la recherche en sant\u00e9 au travail.<\/p>\n<p>[\/et_pb_text][\/et_pb_column][\/et_pb_row][\/et_pb_section]<\/p>\n","protected":false},"excerpt":{"rendered":"<p>[et_pb_section fb_built=\u00a0\u00bb1&Prime; custom_padding_last_edited=\u00a0\u00bbon|desktop\u00a0\u00bb admin_label=\u00a0\u00bbHero Section\u00a0\u00bb _builder_version=\u00a0\u00bb4.4.8&Prime; use_background_color_gradient=\u00a0\u00bbon\u00a0\u00bb background_color_gradient_start=\u00a0\u00bbrgba(10,10,10,0.44)\u00a0\u00bb background_color_gradient_end=\u00a0\u00bbrgba(58,58,58,0.38)\u00a0\u00bb background_color_gradient_direction=\u00a0\u00bb169deg\u00a0\u00bb background_color_gradient_start_position=\u00a0\u00bb20%\u00a0\u00bb background_color_gradient_overlays_image=\u00a0\u00bbon\u00a0\u00bb background_image=\u00a0\u00bbhttps:\/\/carwh.ca\/wp-content\/uploads\/2020\/07\/230075-P1ZDXJ-761-scaled.jpg\u00a0\u00bb custom_margin=\u00a0\u00bb|||\u00a0\u00bb custom_padding=\u00a0\u00bb119px|0px|119px|0px\u00a0\u00bb custom_padding_tablet=\u00a0\u00bb\u00a0\u00bb custom_padding_phone=\u00a0\u00bb85px||85px||true|false\u00a0\u00bb hover_enabled=\u00a0\u00bb0&Prime;][et_pb_row custom_padding_last_edited=\u00a0\u00bboff|desktop\u00a0\u00bb admin_label=\u00a0\u00bbHero Area\u00a0\u00bb _builder_version=\u00a0\u00bb3.25&Prime; custom_padding=\u00a0\u00bb27px|0px|0px|0px\u00a0\u00bb][et_pb_column type=\u00a0\u00bb4_4&Prime; _builder_version=\u00a0\u00bb3.25&Prime; custom_padding=\u00a0\u00bb|||\u00a0\u00bb custom_padding__hover=\u00a0\u00bb|||\u00a0\u00bb][et_pb_text admin_label=\u00a0\u00bbHero Title\u00a0\u00bb _builder_version=\u00a0\u00bb4.4.8&Prime; text_font=\u00a0\u00bbPlayfair Display||||||||\u00a0\u00bb header_font=\u00a0\u00bbBebas Neue|||on|||||\u00a0\u00bb header_text_color=\u00a0\u00bb#ffffff\u00a0\u00bb header_font_size=\u00a0\u00bb95px\u00a0\u00bb header_letter_spacing=\u00a0\u00bb2px\u00a0\u00bb header_line_height=\u00a0\u00bb1.1em\u00a0\u00bb custom_margin=\u00a0\u00bb||0px|\u00a0\u00bb custom_padding=\u00a0\u00bb|||\u00a0\u00bb animation_style=\u00a0\u00bbslide\u00a0\u00bb animation_direction=\u00a0\u00bbleft\u00a0\u00bb animation_intensity_slide=\u00a0\u00bb5%\u00a0\u00bb animation_starting_opacity=\u00a0\u00bb100%\u00a0\u00bb text_font_size_last_edited=\u00a0\u00bboff|desktop\u00a0\u00bb header_font_size_tablet=\u00a0\u00bb\u00a0\u00bb header_font_size_phone=\u00a0\u00bb60px\u00a0\u00bb header_font_size_last_edited=\u00a0\u00bbon|phone\u00a0\u00bb header_text_shadow_style=\u00a0\u00bbpreset1&Prime; header_text_shadow_blur_strength=\u00a0\u00bb0.22em\u00a0\u00bb header_text_shadow_blur_strength_tablet=\u00a0\u00bb\u00a0\u00bb header_text_shadow_blur_strength_phone=\u00a0\u00bb\u00a0\u00bb header_text_shadow_blur_strength_last_edited=\u00a0\u00bbon|desktop\u00a0\u00bb] \u00c0 notre [&hellip;]<\/p>\n","protected":false},"author":1,"featured_media":1023,"parent":0,"menu_order":0,"comment_status":"closed","ping_status":"closed","template":"","meta":{"_et_pb_use_builder":"on","_et_pb_old_content":"","_et_gb_content_width":""},"yoast_head":"<!-- This site is optimized with the Yoast SEO plugin v15.2.1 - https:\/\/yoast.com\/wordpress\/plugins\/seo\/ -->\n<title>Association \u00e0 But Non Lucratif des Chercheurs du Canada | ACRST<\/title>\n<meta name=\"description\" content=\"L&#039;ACRST se concentre sur l&#039;augmentation et la promotion de la recherche sur la sant\u00e9, la s\u00e9curit\u00e9 et le bien-\u00eatre au travail au Canada.\" \/>\n<meta name=\"robots\" content=\"index, follow, max-snippet:-1, max-image-preview:large, max-video-preview:-1\" \/>\n<link rel=\"canonical\" href=\"https:\/\/carwh.ca\/fr\/a-notre-sujet\/\" \/>\n<meta property=\"og:locale\" content=\"fr_FR\" \/>\n<meta property=\"og:type\" content=\"article\" \/>\n<meta property=\"og:title\" content=\"Association \u00e0 But Non Lucratif des Chercheurs du Canada | ACRST\" \/>\n<meta property=\"og:description\" content=\"L&#039;ACRST se concentre sur l&#039;augmentation et la promotion de la recherche sur la sant\u00e9, la s\u00e9curit\u00e9 et le bien-\u00eatre au travail au Canada.\" \/>\n<meta property=\"og:url\" content=\"https:\/\/carwh.ca\/fr\/a-notre-sujet\/\" \/>\n<meta property=\"og:site_name\" content=\"Canadian Association for Research on Work and Health\" \/>\n<meta property=\"article:modified_time\" content=\"2020-11-07T00:45:09+00:00\" \/>\n<meta property=\"og:image\" content=\"https:\/\/carwh.ca\/wp-content\/uploads\/2020\/07\/230075-P1ZDXJ-761-scaled.jpg\" \/>\n\t<meta property=\"og:image:width\" content=\"2560\" \/>\n\t<meta property=\"og:image:height\" content=\"1709\" \/>\n<meta name=\"twitter:card\" content=\"summary\" \/>\n<meta name=\"twitter:label1\" content=\"\u00c9crit par\">\n\t<meta name=\"twitter:data1\" content=\"U7 Solutions\">\n\t<meta name=\"twitter:label2\" content=\"Dur\u00e9e de lecture est.\">\n\t<meta name=\"twitter:data2\" content=\"6 minutes\">\n<script type=\"application\/ld+json\" class=\"yoast-schema-graph\">{\"@context\":\"https:\/\/schema.org\",\"@graph\":[{\"@type\":\"WebSite\",\"@id\":\"https:\/\/carwh.ca\/#website\",\"url\":\"https:\/\/carwh.ca\/\",\"name\":\"Canadian Association for Research on Work and Health\",\"description\":\"Just another WordPress site\",\"potentialAction\":[{\"@type\":\"SearchAction\",\"target\":\"https:\/\/carwh.ca\/?s={search_term_string}\",\"query-input\":\"required name=search_term_string\"}],\"inLanguage\":\"fr-FR\"},{\"@type\":\"ImageObject\",\"@id\":\"https:\/\/carwh.ca\/fr\/a-notre-sujet\/#primaryimage\",\"inLanguage\":\"fr-FR\",\"url\":\"https:\/\/carwh.ca\/wp-content\/uploads\/2020\/07\/230075-P1ZDXJ-761-scaled.jpg\",\"width\":2560,\"height\":1709,\"caption\":\"homme atteint dans son sac \\u00e0 outils tout en portant des gants bleus\"},{\"@type\":\"WebPage\",\"@id\":\"https:\/\/carwh.ca\/fr\/a-notre-sujet\/#webpage\",\"url\":\"https:\/\/carwh.ca\/fr\/a-notre-sujet\/\",\"name\":\"Association \\u00e0 But Non Lucratif des Chercheurs du Canada | ACRST\",\"isPartOf\":{\"@id\":\"https:\/\/carwh.ca\/#website\"},\"primaryImageOfPage\":{\"@id\":\"https:\/\/carwh.ca\/fr\/a-notre-sujet\/#primaryimage\"},\"datePublished\":\"2020-07-15T17:19:11+00:00\",\"dateModified\":\"2020-11-07T00:45:09+00:00\",\"description\":\"L'ACRST se concentre sur l'augmentation et la promotion de la recherche sur la sant\\u00e9, la s\\u00e9curit\\u00e9 et le bien-\\u00eatre au travail au Canada.\",\"inLanguage\":\"fr-FR\",\"potentialAction\":[{\"@type\":\"ReadAction\",\"target\":[\"https:\/\/carwh.ca\/fr\/a-notre-sujet\/\"]}]}]}<\/script>\n<!-- \/ Yoast SEO plugin. -->","_links":{"self":[{"href":"https:\/\/carwh.ca\/fr\/wp-json\/wp\/v2\/pages\/590\/"}],"collection":[{"href":"https:\/\/carwh.ca\/fr\/wp-json\/wp\/v2\/pages\/"}],"about":[{"href":"https:\/\/carwh.ca\/fr\/wp-json\/wp\/v2\/types\/page\/"}],"author":[{"embeddable":true,"href":"https:\/\/carwh.ca\/fr\/wp-json\/wp\/v2\/users\/1\/"}],"replies":[{"embeddable":true,"href":"https:\/\/carwh.ca\/fr\/wp-json\/wp\/v2\/comments\/?post=590"}],"version-history":[{"count":4,"href":"https:\/\/carwh.ca\/fr\/wp-json\/wp\/v2\/pages\/590\/revisions\/"}],"predecessor-version":[{"id":1634,"href":"https:\/\/carwh.ca\/fr\/wp-json\/wp\/v2\/pages\/590\/revisions\/1634\/"}],"wp:featuredmedia":[{"embeddable":true,"href":"https:\/\/carwh.ca\/fr\/wp-json\/wp\/v2\/media\/1023\/"}],"wp:attachment":[{"href":"https:\/\/carwh.ca\/fr\/wp-json\/wp\/v2\/media\/?parent=590"}],"curies":[{"name":"wp","href":"https:\/\/api.w.org\/{rel}","templated":true}]}}