{"id":615,"date":"2020-07-17T15:54:50","date_gmt":"2020-07-17T19:54:50","guid":{"rendered":"http:\/\/192.99.91.64\/~carwhca\/?page_id=615"},"modified":"2022-06-29T17:19:40","modified_gmt":"2022-06-29T21:19:40","slug":"evenement","status":"publish","type":"page","link":"https:\/\/carwh.ca\/fr\/evenement\/","title":{"rendered":"\u00c9v\u00e9nements"},"content":{"rendered":"<p>[et_pb_section fb_built=\u00a0\u00bb1&Prime; custom_padding_last_edited=\u00a0\u00bbon|desktop\u00a0\u00bb admin_label=\u00a0\u00bbHero Section\u00a0\u00bb _builder_version=\u00a0\u00bb4.4.8&Prime; use_background_color_gradient=\u00a0\u00bbon\u00a0\u00bb background_color_gradient_start=\u00a0\u00bbrgba(10,10,10,0.44)\u00a0\u00bb background_color_gradient_end=\u00a0\u00bbrgba(58,58,58,0.38)\u00a0\u00bb background_color_gradient_direction=\u00a0\u00bb169deg\u00a0\u00bb background_color_gradient_start_position=\u00a0\u00bb20%\u00a0\u00bb background_color_gradient_overlays_image=\u00a0\u00bbon\u00a0\u00bb background_image=\u00a0\u00bbhttps:\/\/carwh.ca\/wp-content\/uploads\/2020\/07\/conference-scaled.jpg\u00a0\u00bb custom_margin=\u00a0\u00bb|||\u00a0\u00bb custom_padding=\u00a0\u00bb119px|0px|119px|0px\u00a0\u00bb custom_padding_tablet=\u00a0\u00bb\u00a0\u00bb custom_padding_phone=\u00a0\u00bb85px||85px||true|false\u00a0\u00bb][et_pb_row custom_padding_last_edited=\u00a0\u00bboff|desktop\u00a0\u00bb admin_label=\u00a0\u00bbHero Area\u00a0\u00bb _builder_version=\u00a0\u00bb3.25&Prime; custom_padding=\u00a0\u00bb27px|0px|0px|0px\u00a0\u00bb][et_pb_column type=\u00a0\u00bb4_4&Prime; _builder_version=\u00a0\u00bb3.25&Prime; custom_padding=\u00a0\u00bb|||\u00a0\u00bb custom_padding__hover=\u00a0\u00bb|||\u00a0\u00bb][et_pb_text admin_label=\u00a0\u00bbHero Title\u00a0\u00bb _builder_version=\u00a0\u00bb4.4.8&Prime; text_font=\u00a0\u00bbPlayfair Display||||||||\u00a0\u00bb header_font=\u00a0\u00bbBebas Neue|||on|||||\u00a0\u00bb header_text_color=\u00a0\u00bb#ffffff\u00a0\u00bb header_font_size=\u00a0\u00bb95px\u00a0\u00bb header_letter_spacing=\u00a0\u00bb2px\u00a0\u00bb header_line_height=\u00a0\u00bb1.1em\u00a0\u00bb custom_margin=\u00a0\u00bb||0px|\u00a0\u00bb custom_padding=\u00a0\u00bb|||\u00a0\u00bb animation_style=\u00a0\u00bbslide\u00a0\u00bb animation_direction=\u00a0\u00bbleft\u00a0\u00bb animation_intensity_slide=\u00a0\u00bb5%\u00a0\u00bb animation_starting_opacity=\u00a0\u00bb100%\u00a0\u00bb text_font_size_last_edited=\u00a0\u00bboff|desktop\u00a0\u00bb header_font_size_tablet=\u00a0\u00bb\u00a0\u00bb header_font_size_phone=\u00a0\u00bb60px\u00a0\u00bb header_font_size_last_edited=\u00a0\u00bbon|phone\u00a0\u00bb header_text_shadow_style=\u00a0\u00bbpreset1&Prime; header_text_shadow_blur_strength=\u00a0\u00bb0.22em\u00a0\u00bb header_text_shadow_blur_strength_tablet=\u00a0\u00bb\u00a0\u00bb header_text_shadow_blur_strength_phone=\u00a0\u00bb\u00a0\u00bb header_text_shadow_blur_strength_last_edited=\u00a0\u00bbon|desktop\u00a0\u00bb]<\/p>\n<h1>\u00e9v\u00e9nements<\/h1>\n<p>[\/et_pb_text][\/et_pb_column][\/et_pb_row][\/et_pb_section][et_pb_section fb_built=\u00a0\u00bb1&Prime; admin_label=\u00a0\u00bbAbout Us\u00a0\u00bb _builder_version=\u00a0\u00bb3.22&Prime; custom_padding=\u00a0\u00bb103px|0px||0px|false|false\u00a0\u00bb][et_pb_row _builder_version=\u00a0\u00bb3.25&Prime; max_width=\u00a0\u00bb960px\u00a0\u00bb module_alignment=\u00a0\u00bbcenter\u00a0\u00bb use_custom_width=\u00a0\u00bbon\u00a0\u00bb custom_width_px=\u00a0\u00bb960px\u00a0\u00bb locked=\u00a0\u00bboff\u00a0\u00bb][et_pb_column type=\u00a0\u00bb4_4&Prime; _builder_version=\u00a0\u00bb3.25&Prime; custom_padding=\u00a0\u00bb|||\u00a0\u00bb custom_padding__hover=\u00a0\u00bb|||\u00a0\u00bb][et_pb_text admin_label=\u00a0\u00bbTitle\u00a0\u00bb _builder_version=\u00a0\u00bb4.4.8&Prime; text_font=\u00a0\u00bbRaleway||||||||\u00a0\u00bb text_font_size=\u00a0\u00bb20px\u00a0\u00bb text_line_height=\u00a0\u00bb1.8em\u00a0\u00bb link_text_color=\u00a0\u00bb#fe5f55&Prime; header_font=\u00a0\u00bb||||||||\u00a0\u00bb header_2_font=\u00a0\u00bbTeko||||||||\u00a0\u00bb header_2_font_size=\u00a0\u00bb96px\u00a0\u00bb text_orientation=\u00a0\u00bbcenter\u00a0\u00bb max_width=\u00a0\u00bb750px\u00a0\u00bb module_alignment=\u00a0\u00bbcenter\u00a0\u00bb custom_margin=\u00a0\u00bb|||\u00a0\u00bb hover_enabled=\u00a0\u00bb0&Prime; header_2_font_size_tablet=\u00a0\u00bb66px\u00a0\u00bb header_2_font_size_phone=\u00a0\u00bb36px\u00a0\u00bb header_2_font_size_last_edited=\u00a0\u00bbon|phone\u00a0\u00bb]<\/p>\n<p><span>Cette page contient des informations sur les conf\u00e9rences, s\u00e9minaires, et r\u00e9unions \u00e0 venir qui int\u00e9ressent les membres de l&rsquo;ACRST. Si vous \u00eates un membre de ACRST et que vous souhaitez promouvoir une conf\u00e9rence ou une pr\u00e9sentation \u00e0 venir, <a href=\"mailto:carwh@gmail.com\">veuillez envoyer un courriel au conseil d&rsquo;administration de l&rsquo;ACRST\u00a0<\/a>et nous inclurons un lien vers vos informations.<\/span><\/p>\n<p>[\/et_pb_text][\/et_pb_column][\/et_pb_row][\/et_pb_section][et_pb_section fb_built=\u00a0\u00bb1&Prime; custom_padding_last_edited=\u00a0\u00bbon|phone\u00a0\u00bb prev_background_color=\u00a0\u00bb#ffffff\u00a0\u00bb next_background_color=\u00a0\u00bb#ffffff\u00a0\u00bb admin_label=\u00a0\u00bbOur History\u00a0\u00bb _builder_version=\u00a0\u00bb4.4.8&Prime; use_background_color_gradient=\u00a0\u00bbon\u00a0\u00bb background_color_gradient_start=\u00a0\u00bbrgba(27,31,37,0.3)\u00a0\u00bb background_color_gradient_end=\u00a0\u00bb#1b1f25&Prime; background_color_gradient_overlays_image=\u00a0\u00bbon\u00a0\u00bb background_image=\u00a0\u00bbhttps:\/\/carwh.ca\/wp-content\/uploads\/2020\/06\/letter-to-Truddeau-scaled.jpg\u00a0\u00bb custom_margin=\u00a0\u00bb-21px|||||\u00a0\u00bb custom_padding=\u00a0\u00bb175px||21px||false|false\u00a0\u00bb custom_padding_tablet=\u00a0\u00bb|||\u00a0\u00bb custom_padding_phone=\u00a0\u00bb100px|||\u00a0\u00bb top_divider_style=\u00a0\u00bbarrow\u00a0\u00bb top_divider_height_tablet=\u00a0\u00bb\u00a0\u00bb top_divider_height_phone=\u00a0\u00bb50px\u00a0\u00bb top_divider_height_last_edited=\u00a0\u00bbon|phone\u00a0\u00bb bottom_divider_style=\u00a0\u00bbarrow\u00a0\u00bb box_shadow_style=\u00a0\u00bbpreset7&Prime; box_shadow_horizontal=\u00a0\u00bb0px\u00a0\u00bb box_shadow_vertical=\u00a0\u00bb-150px\u00a0\u00bb box_shadow_color=\u00a0\u00bb#ffffff\u00a0\u00bb locked=\u00a0\u00bboff\u00a0\u00bb][et_pb_row custom_padding_last_edited=\u00a0\u00bboff|desktop\u00a0\u00bb _builder_version=\u00a0\u00bb4.4.8&Prime; background_color=\u00a0\u00bb#f7f7f7&Prime; module_alignment=\u00a0\u00bbcenter\u00a0\u00bb custom_margin=\u00a0\u00bb0px|||\u00a0\u00bb custom_padding=\u00a0\u00bb42px|5%|82px|5%||true\u00a0\u00bb use_custom_width=\u00a0\u00bbon\u00a0\u00bb locked=\u00a0\u00bboff\u00a0\u00bb][et_pb_column type=\u00a0\u00bb4_4&Prime; _builder_version=\u00a0\u00bb3.25&Prime; custom_padding=\u00a0\u00bb|||\u00a0\u00bb custom_padding__hover=\u00a0\u00bb|||\u00a0\u00bb][et_pb_text admin_label=\u00a0\u00bbTitle\u00a0\u00bb _builder_version=\u00a0\u00bb4.4.8&Prime; text_font=\u00a0\u00bbRaleway||||||||\u00a0\u00bb text_text_color=\u00a0\u00bb#fe5f55&Prime; text_font_size=\u00a0\u00bb20px\u00a0\u00bb text_line_height=\u00a0\u00bb1.8em\u00a0\u00bb link_font=\u00a0\u00bbRaleway||||||||\u00a0\u00bb link_text_color=\u00a0\u00bb#fe5f55&Prime; link_font_size=\u00a0\u00bb22px\u00a0\u00bb header_font=\u00a0\u00bb||||||||\u00a0\u00bb header_2_font=\u00a0\u00bbBebas Neue||||||||\u00a0\u00bb header_2_font_size=\u00a0\u00bb52px\u00a0\u00bb background_color=\u00a0\u00bb#f7f7f7&Prime; max_width=\u00a0\u00bb700px\u00a0\u00bb module_alignment=\u00a0\u00bbcenter\u00a0\u00bb custom_margin=\u00a0\u00bb|0px|48px||false|false\u00a0\u00bb custom_padding=\u00a0\u00bb|0px||0px|false|false\u00a0\u00bb hover_enabled=\u00a0\u00bb0&Prime; header_2_font_size_tablet=\u00a0\u00bb66px\u00a0\u00bb header_2_font_size_phone=\u00a0\u00bb36px\u00a0\u00bb header_2_font_size_last_edited=\u00a0\u00bbon|phone\u00a0\u00bb]<\/p>\n<h2>Congr\u00e8s ACRST 2022<\/h2>\n<p><span style=\"color: #666666;\">L&rsquo;Association canadienne de recherche en sant\u00e9 au travail (ACRST) est heureuse d&rsquo;annoncer qu\u2019elle tiendra son congr\u00e8s biannuel, \u00ab Monde du travail en mutation, effets sur la sant\u00e9 et nouvelles questions de recherche \u00bb, les 15 et 16 septembre 2022. Pour maintenir les collaborations et les opportunit\u00e9s de pr\u00e9sentation cette ann\u00e9e, le comit\u00e9 organisateur du congr\u00e8s 2022 a pris la d\u00e9cision de tenir le congr\u00e8s en mode virtuel uniquement.<\/span><\/p>\n<p id=\"tw-target-text\" class=\"tw-data-text tw-text-large tw-ta\" dir=\"ltr\" data-placeholder=\"Translation\"><span class=\"Y2IQFc\" lang=\"fr\">Veuillez visiter <a href=\"https:\/\/carwh.ca\/fr\/congres-2022-de-lacrst\">la page de la conf\u00e9rence<\/a> 2022 de CARWH pour plus d&rsquo;informations.<\/span><\/p>\n<p>&nbsp;<\/p>\n<p>[\/et_pb_text][et_pb_text admin_label=\u00a0\u00bbTitle\u00a0\u00bb _builder_version=\u00a0\u00bb4.4.8&Prime; text_font=\u00a0\u00bbRaleway||||||||\u00a0\u00bb text_text_color=\u00a0\u00bb#fe5f55&Prime; text_font_size=\u00a0\u00bb20px\u00a0\u00bb text_line_height=\u00a0\u00bb1.8em\u00a0\u00bb link_font=\u00a0\u00bbRaleway||||||||\u00a0\u00bb link_text_color=\u00a0\u00bb#fe5f55&Prime; link_font_size=\u00a0\u00bb22px\u00a0\u00bb header_font=\u00a0\u00bb||||||||\u00a0\u00bb header_2_font=\u00a0\u00bbBebas Neue||||||||\u00a0\u00bb header_2_font_size=\u00a0\u00bb52px\u00a0\u00bb background_color=\u00a0\u00bb#f7f7f7&Prime; max_width=\u00a0\u00bb700px\u00a0\u00bb module_alignment=\u00a0\u00bbcenter\u00a0\u00bb custom_margin=\u00a0\u00bb|0px|48px||false|false\u00a0\u00bb custom_padding=\u00a0\u00bb|0px||0px|false|false\u00a0\u00bb header_2_font_size_tablet=\u00a0\u00bb66px\u00a0\u00bb header_2_font_size_phone=\u00a0\u00bb36px\u00a0\u00bb header_2_font_size_last_edited=\u00a0\u00bbon|phone\u00a0\u00bb]<\/p>\n<h2>conf\u00e9rences pass\u00e9es<\/h2>\n<p><a href=\"http:\/\/www.spph.ubc.ca\/carwh2018\/\" target=\"_blank\" rel=\"noopener noreferrer\">Vancouver 2018<\/a><\/p>\n<p>Toronto 2016<\/p>\n<p>Saskatoon 2014<span style=\"font-size: 20px;\">\u00a0<\/span><\/p>\n<p>[\/et_pb_text][et_pb_text admin_label=\u00a0\u00bbTitle\u00a0\u00bb _builder_version=\u00a0\u00bb4.4.8&Prime; text_font=\u00a0\u00bbLato||||||||\u00a0\u00bb text_font_size=\u00a0\u00bb20px\u00a0\u00bb text_line_height=\u00a0\u00bb1.8em\u00a0\u00bb link_font=\u00a0\u00bbRaleway||||||||\u00a0\u00bb link_text_color=\u00a0\u00bb#fe5f55&Prime; header_font=\u00a0\u00bb||||||||\u00a0\u00bb header_2_font=\u00a0\u00bbBebas Neue||||||||\u00a0\u00bb header_2_font_size=\u00a0\u00bb52px\u00a0\u00bb background_color=\u00a0\u00bb#f7f7f7&Prime; max_width=\u00a0\u00bb700px\u00a0\u00bb module_alignment=\u00a0\u00bbcenter\u00a0\u00bb min_height=\u00a0\u00bb441px\u00a0\u00bb custom_margin=\u00a0\u00bb25px||48px|-36px||\u00a0\u00bb header_2_font_size_tablet=\u00a0\u00bb66px\u00a0\u00bb header_2_font_size_phone=\u00a0\u00bb36px\u00a0\u00bb header_2_font_size_last_edited=\u00a0\u00bbon|phone\u00a0\u00bb]<\/p>\n<h2>s\u00e9minaireS<\/h2>\n<p>Les s\u00e9minaires \u00e9num\u00e9r\u00e9s ici incluent les sessions de travail de l&rsquo;ACRST ainsi que les webinaires organis\u00e9s par les membres de l&rsquo;ACRST.<\/p>\n<p><a href=\"https:\/\/carwh.us2.list-manage.com\/track\/click?u=d6d3bc48bef015cfc40b85419&amp;id=8907323875&amp;e=b5f62bf293\" target=\"_blank\" rel=\"noopener noreferrer\">CARWH session de travail en ligne #2: Challenges and strategies for engaged knowledge translation and exchange (le 21 janvier, 2021)<\/a><\/p>\n<p><a href=\"https:\/\/www.iwh.on.ca\/events\/speaker-series\" target=\"_blank\" rel=\"noopener noreferrer\">Institute for Work &amp; Health Speakers Series<\/a><\/p>\n<p><a href=\"http:\/\/spph.ubc.ca\/seminar-series\/oeh-seminars\" target=\"_blank\" rel=\"noopener noreferrer\">University of British Columbia School of Population and Public Health Occupational and Environmental Health Seminars<\/a><\/p>\n<p><a href=\"http:\/\/www.occupationalcancer.ca\/2017\/occupational-and-environmental-health-seminar-series-2017-2018\/\" target=\"_blank\" rel=\"noopener noreferrer\">OCRC Occupational and Environmental Health Seminar Series<\/a><span style=\"font-size: 20px;\">\u00a0<\/span><\/p>\n<p>[\/et_pb_text][\/et_pb_column][\/et_pb_row][\/et_pb_section]<\/p>\n","protected":false},"excerpt":{"rendered":"<p>[et_pb_section fb_built=\u00a0\u00bb1&Prime; custom_padding_last_edited=\u00a0\u00bbon|desktop\u00a0\u00bb admin_label=\u00a0\u00bbHero Section\u00a0\u00bb _builder_version=\u00a0\u00bb4.4.8&Prime; use_background_color_gradient=\u00a0\u00bbon\u00a0\u00bb background_color_gradient_start=\u00a0\u00bbrgba(10,10,10,0.44)\u00a0\u00bb background_color_gradient_end=\u00a0\u00bbrgba(58,58,58,0.38)\u00a0\u00bb background_color_gradient_direction=\u00a0\u00bb169deg\u00a0\u00bb background_color_gradient_start_position=\u00a0\u00bb20%\u00a0\u00bb background_color_gradient_overlays_image=\u00a0\u00bbon\u00a0\u00bb background_image=\u00a0\u00bbhttps:\/\/carwh.ca\/wp-content\/uploads\/2020\/07\/conference-scaled.jpg\u00a0\u00bb custom_margin=\u00a0\u00bb|||\u00a0\u00bb custom_padding=\u00a0\u00bb119px|0px|119px|0px\u00a0\u00bb custom_padding_tablet=\u00a0\u00bb\u00a0\u00bb custom_padding_phone=\u00a0\u00bb85px||85px||true|false\u00a0\u00bb][et_pb_row custom_padding_last_edited=\u00a0\u00bboff|desktop\u00a0\u00bb admin_label=\u00a0\u00bbHero Area\u00a0\u00bb _builder_version=\u00a0\u00bb3.25&Prime; custom_padding=\u00a0\u00bb27px|0px|0px|0px\u00a0\u00bb][et_pb_column type=\u00a0\u00bb4_4&Prime; _builder_version=\u00a0\u00bb3.25&Prime; custom_padding=\u00a0\u00bb|||\u00a0\u00bb custom_padding__hover=\u00a0\u00bb|||\u00a0\u00bb][et_pb_text admin_label=\u00a0\u00bbHero Title\u00a0\u00bb _builder_version=\u00a0\u00bb4.4.8&Prime; text_font=\u00a0\u00bbPlayfair Display||||||||\u00a0\u00bb header_font=\u00a0\u00bbBebas Neue|||on|||||\u00a0\u00bb header_text_color=\u00a0\u00bb#ffffff\u00a0\u00bb header_font_size=\u00a0\u00bb95px\u00a0\u00bb header_letter_spacing=\u00a0\u00bb2px\u00a0\u00bb header_line_height=\u00a0\u00bb1.1em\u00a0\u00bb custom_margin=\u00a0\u00bb||0px|\u00a0\u00bb custom_padding=\u00a0\u00bb|||\u00a0\u00bb animation_style=\u00a0\u00bbslide\u00a0\u00bb animation_direction=\u00a0\u00bbleft\u00a0\u00bb animation_intensity_slide=\u00a0\u00bb5%\u00a0\u00bb animation_starting_opacity=\u00a0\u00bb100%\u00a0\u00bb text_font_size_last_edited=\u00a0\u00bboff|desktop\u00a0\u00bb header_font_size_tablet=\u00a0\u00bb\u00a0\u00bb header_font_size_phone=\u00a0\u00bb60px\u00a0\u00bb header_font_size_last_edited=\u00a0\u00bbon|phone\u00a0\u00bb header_text_shadow_style=\u00a0\u00bbpreset1&Prime; header_text_shadow_blur_strength=\u00a0\u00bb0.22em\u00a0\u00bb header_text_shadow_blur_strength_tablet=\u00a0\u00bb\u00a0\u00bb header_text_shadow_blur_strength_phone=\u00a0\u00bb\u00a0\u00bb header_text_shadow_blur_strength_last_edited=\u00a0\u00bbon|desktop\u00a0\u00bb] \u00e9v\u00e9nements [\/et_pb_text][\/et_pb_column][\/et_pb_row][\/et_pb_section][et_pb_section fb_built=\u00a0\u00bb1&Prime; [&hellip;]<\/p>\n","protected":false},"author":1,"featured_media":723,"parent":0,"menu_order":0,"comment_status":"closed","ping_status":"closed","template":"","meta":{"_et_pb_use_builder":"on","_et_pb_old_content":"","_et_gb_content_width":""},"yoast_head":"<!-- This site is optimized with the Yoast SEO plugin v15.2.1 - https:\/\/yoast.com\/wordpress\/plugins\/seo\/ -->\n<title>\u00c9v\u00e9nements, conf\u00e9rences et s\u00e9minaires | CARWH \u00e0 but non lucratif<\/title>\n<meta name=\"description\" content=\"Cette page contient des informations sur les prochaines conf\u00e9rences, webinaires et r\u00e9unions d&#039;int\u00e9r\u00eat pour les membres de CARWH.\" \/>\n<meta name=\"robots\" content=\"index, follow, max-snippet:-1, max-image-preview:large, max-video-preview:-1\" \/>\n<link rel=\"canonical\" href=\"https:\/\/carwh.ca\/fr\/evenement\/\" \/>\n<meta property=\"og:locale\" content=\"fr_FR\" \/>\n<meta property=\"og:type\" content=\"article\" \/>\n<meta property=\"og:title\" content=\"\u00c9v\u00e9nements, conf\u00e9rences et s\u00e9minaires | CARWH \u00e0 but non lucratif\" \/>\n<meta property=\"og:description\" content=\"Cette page contient des informations sur les prochaines conf\u00e9rences, webinaires et r\u00e9unions d&#039;int\u00e9r\u00eat pour les membres de CARWH.\" \/>\n<meta property=\"og:url\" content=\"https:\/\/carwh.ca\/fr\/evenement\/\" \/>\n<meta property=\"og:site_name\" content=\"Canadian Association for Research on Work and Health\" \/>\n<meta property=\"article:modified_time\" content=\"2022-06-29T21:19:40+00:00\" \/>\n<meta property=\"og:image\" content=\"https:\/\/carwh.ca\/wp-content\/uploads\/2020\/07\/conference-scaled.jpg\" \/>\n\t<meta property=\"og:image:width\" content=\"2560\" \/>\n\t<meta property=\"og:image:height\" content=\"1440\" \/>\n<meta name=\"twitter:card\" content=\"summary\" \/>\n<meta name=\"twitter:label1\" content=\"\u00c9crit par\">\n\t<meta name=\"twitter:data1\" content=\"U7 Solutions\">\n\t<meta name=\"twitter:label2\" content=\"Dur\u00e9e de lecture est.\">\n\t<meta name=\"twitter:data2\" content=\"4 minutes\">\n<script type=\"application\/ld+json\" class=\"yoast-schema-graph\">{\"@context\":\"https:\/\/schema.org\",\"@graph\":[{\"@type\":\"WebSite\",\"@id\":\"https:\/\/carwh.ca\/#website\",\"url\":\"https:\/\/carwh.ca\/\",\"name\":\"Canadian Association for Research on Work and Health\",\"description\":\"Just another WordPress site\",\"potentialAction\":[{\"@type\":\"SearchAction\",\"target\":\"https:\/\/carwh.ca\/?s={search_term_string}\",\"query-input\":\"required name=search_term_string\"}],\"inLanguage\":\"fr-FR\"},{\"@type\":\"ImageObject\",\"@id\":\"https:\/\/carwh.ca\/fr\/evenement\/#primaryimage\",\"inLanguage\":\"fr-FR\",\"url\":\"https:\/\/carwh.ca\/wp-content\/uploads\/2020\/07\/conference-scaled.jpg\",\"width\":2560,\"height\":1440,\"caption\":\"personnes assistant \\u00e0 une conf\\u00e9rence et assis en attente\"},{\"@type\":\"WebPage\",\"@id\":\"https:\/\/carwh.ca\/fr\/evenement\/#webpage\",\"url\":\"https:\/\/carwh.ca\/fr\/evenement\/\",\"name\":\"\\u00c9v\\u00e9nements, conf\\u00e9rences et s\\u00e9minaires | CARWH \\u00e0 but non lucratif\",\"isPartOf\":{\"@id\":\"https:\/\/carwh.ca\/#website\"},\"primaryImageOfPage\":{\"@id\":\"https:\/\/carwh.ca\/fr\/evenement\/#primaryimage\"},\"datePublished\":\"2020-07-17T19:54:50+00:00\",\"dateModified\":\"2022-06-29T21:19:40+00:00\",\"description\":\"Cette page contient des informations sur les prochaines conf\\u00e9rences, webinaires et r\\u00e9unions d'int\\u00e9r\\u00eat pour les membres de CARWH.\",\"inLanguage\":\"fr-FR\",\"potentialAction\":[{\"@type\":\"ReadAction\",\"target\":[\"https:\/\/carwh.ca\/fr\/evenement\/\"]}]}]}<\/script>\n<!-- \/ Yoast SEO plugin. -->","_links":{"self":[{"href":"https:\/\/carwh.ca\/fr\/wp-json\/wp\/v2\/pages\/615\/"}],"collection":[{"href":"https:\/\/carwh.ca\/fr\/wp-json\/wp\/v2\/pages\/"}],"about":[{"href":"https:\/\/carwh.ca\/fr\/wp-json\/wp\/v2\/types\/page\/"}],"author":[{"embeddable":true,"href":"https:\/\/carwh.ca\/fr\/wp-json\/wp\/v2\/users\/1\/"}],"replies":[{"embeddable":true,"href":"https:\/\/carwh.ca\/fr\/wp-json\/wp\/v2\/comments\/?post=615"}],"version-history":[{"count":4,"href":"https:\/\/carwh.ca\/fr\/wp-json\/wp\/v2\/pages\/615\/revisions\/"}],"predecessor-version":[{"id":2830,"href":"https:\/\/carwh.ca\/fr\/wp-json\/wp\/v2\/pages\/615\/revisions\/2830\/"}],"wp:featuredmedia":[{"embeddable":true,"href":"https:\/\/carwh.ca\/fr\/wp-json\/wp\/v2\/media\/723\/"}],"wp:attachment":[{"href":"https:\/\/carwh.ca\/fr\/wp-json\/wp\/v2\/media\/?parent=615"}],"curies":[{"name":"wp","href":"https:\/\/api.w.org\/{rel}","templated":true}]}}