{"id":623,"date":"2020-07-17T16:09:37","date_gmt":"2020-07-17T20:09:37","guid":{"rendered":"http:\/\/192.99.91.64\/~carwhca\/?page_id=623"},"modified":"2025-05-30T13:56:38","modified_gmt":"2025-05-30T17:56:38","slug":"conseil-dadministration","status":"publish","type":"page","link":"https:\/\/carwh.ca\/fr\/conseil-dadministration\/","title":{"rendered":"Conseil d\u2019administration"},"content":{"rendered":"<p>[et_pb_section fb_built=\u00a0\u00bb1&Prime; custom_padding_last_edited=\u00a0\u00bbon|desktop\u00a0\u00bb admin_label=\u00a0\u00bbHero Section\u00a0\u00bb _builder_version=\u00a0\u00bb4.4.8&Prime; use_background_color_gradient=\u00a0\u00bbon\u00a0\u00bb background_color_gradient_start=\u00a0\u00bbrgba(10,10,10,0.44)\u00a0\u00bb background_color_gradient_end=\u00a0\u00bbrgba(58,58,58,0.38)\u00a0\u00bb background_color_gradient_direction=\u00a0\u00bb169deg\u00a0\u00bb background_color_gradient_start_position=\u00a0\u00bb20%\u00a0\u00bb background_color_gradient_overlays_image=\u00a0\u00bbon\u00a0\u00bb background_image=\u00a0\u00bbhttps:\/\/carwh.ca\/wp-content\/uploads\/2020\/07\/3196-scaled.jpg\u00a0\u00bb custom_margin=\u00a0\u00bb|||\u00a0\u00bb custom_padding=\u00a0\u00bb119px|0px|119px|0px\u00a0\u00bb custom_padding_tablet=\u00a0\u00bb\u00a0\u00bb custom_padding_phone=\u00a0\u00bb85px||85px||true|false\u00a0\u00bb][et_pb_row custom_padding_last_edited=\u00a0\u00bboff|desktop\u00a0\u00bb admin_label=\u00a0\u00bbHero Area\u00a0\u00bb _builder_version=\u00a0\u00bb3.25&Prime; custom_padding=\u00a0\u00bb27px|0px|0px|0px\u00a0\u00bb][et_pb_column type=\u00a0\u00bb4_4&Prime; _builder_version=\u00a0\u00bb3.25&Prime; custom_padding=\u00a0\u00bb|||\u00a0\u00bb custom_padding__hover=\u00a0\u00bb|||\u00a0\u00bb][et_pb_text admin_label=\u00a0\u00bbHero Title\u00a0\u00bb _builder_version=\u00a0\u00bb4.4.8&Prime; text_font=\u00a0\u00bbPlayfair Display||||||||\u00a0\u00bb header_font=\u00a0\u00bbBebas Neue|||on|||||\u00a0\u00bb header_text_color=\u00a0\u00bb#ffffff\u00a0\u00bb header_font_size=\u00a0\u00bb95px\u00a0\u00bb header_letter_spacing=\u00a0\u00bb2px\u00a0\u00bb header_line_height=\u00a0\u00bb1.1em\u00a0\u00bb custom_margin=\u00a0\u00bb||0px|\u00a0\u00bb custom_padding=\u00a0\u00bb|||\u00a0\u00bb animation_style=\u00a0\u00bbslide\u00a0\u00bb animation_direction=\u00a0\u00bbleft\u00a0\u00bb animation_intensity_slide=\u00a0\u00bb5%\u00a0\u00bb animation_starting_opacity=\u00a0\u00bb100%\u00a0\u00bb hover_enabled=\u00a0\u00bb0&Prime; text_font_size_last_edited=\u00a0\u00bboff|desktop\u00a0\u00bb header_font_size_tablet=\u00a0\u00bb\u00a0\u00bb header_font_size_phone=\u00a0\u00bb60px\u00a0\u00bb header_font_size_last_edited=\u00a0\u00bbon|phone\u00a0\u00bb header_text_shadow_style=\u00a0\u00bbpreset1&Prime; header_text_shadow_blur_strength=\u00a0\u00bb0.22em\u00a0\u00bb header_text_shadow_blur_strength_tablet=\u00a0\u00bb\u00a0\u00bb header_text_shadow_blur_strength_phone=\u00a0\u00bb\u00a0\u00bb header_text_shadow_blur_strength_last_edited=\u00a0\u00bbon|desktop\u00a0\u00bb]<\/p>\n<h1>Conseil d\u2019administration<\/h1>\n<p>[\/et_pb_text][\/et_pb_column][\/et_pb_row][\/et_pb_section][et_pb_section fb_built=\u00a0\u00bb1&Prime; admin_label=\u00a0\u00bbAbout Us\u00a0\u00bb _builder_version=\u00a0\u00bb3.22&Prime; custom_padding=\u00a0\u00bb103px|0px||0px|false|false\u00a0\u00bb][et_pb_row _builder_version=\u00a0\u00bb3.25&Prime; max_width=\u00a0\u00bb960px\u00a0\u00bb module_alignment=\u00a0\u00bbcenter\u00a0\u00bb use_custom_width=\u00a0\u00bbon\u00a0\u00bb custom_width_px=\u00a0\u00bb960px\u00a0\u00bb locked=\u00a0\u00bboff\u00a0\u00bb][et_pb_column type=\u00a0\u00bb4_4&Prime; _builder_version=\u00a0\u00bb3.25&Prime; custom_padding=\u00a0\u00bb|||\u00a0\u00bb custom_padding__hover=\u00a0\u00bb|||\u00a0\u00bb][et_pb_text admin_label=\u00a0\u00bbTitle\u00a0\u00bb _builder_version=\u00a0\u00bb4.4.8&Prime; text_font=\u00a0\u00bbRaleway||||||||\u00a0\u00bb text_font_size=\u00a0\u00bb20px\u00a0\u00bb text_line_height=\u00a0\u00bb1.9em\u00a0\u00bb header_font=\u00a0\u00bb||||||||\u00a0\u00bb header_2_font=\u00a0\u00bbBebas Neue||||||||\u00a0\u00bb header_2_text_align=\u00a0\u00bbcenter\u00a0\u00bb header_2_font_size=\u00a0\u00bb61px\u00a0\u00bb background_enable_color=\u00a0\u00bboff\u00a0\u00bb text_orientation=\u00a0\u00bbcenter\u00a0\u00bb max_width=\u00a0\u00bb700px\u00a0\u00bb module_alignment=\u00a0\u00bbcenter\u00a0\u00bb custom_margin=\u00a0\u00bb||0px|\u00a0\u00bb custom_padding=\u00a0\u00bb||0px|||\u00a0\u00bb hover_enabled=\u00a0\u00bb0&Prime; header_2_font_size_tablet=\u00a0\u00bb66px\u00a0\u00bb header_2_font_size_phone=\u00a0\u00bb36px\u00a0\u00bb header_2_font_size_last_edited=\u00a0\u00bbon|phone\u00a0\u00bb]<\/p>\n<h2>R\u00d4LE<\/h2>\n<p>[\/et_pb_text][et_pb_text admin_label=\u00a0\u00bbDefinition\u00a0\u00bb _builder_version=\u00a0\u00bb4.4.8&Prime; text_font=\u00a0\u00bbRaleway||||||||\u00a0\u00bb text_font_size=\u00a0\u00bb20px\u00a0\u00bb text_line_height=\u00a0\u00bb1.9em\u00a0\u00bb header_font=\u00a0\u00bb||||||||\u00a0\u00bb header_2_font=\u00a0\u00bbBebas Neue||||||||\u00a0\u00bb header_2_text_align=\u00a0\u00bbcenter\u00a0\u00bb header_2_font_size=\u00a0\u00bb61px\u00a0\u00bb background_enable_color=\u00a0\u00bboff\u00a0\u00bb text_orientation=\u00a0\u00bbcenter\u00a0\u00bb max_width=\u00a0\u00bb700px\u00a0\u00bb module_alignment=\u00a0\u00bbcenter\u00a0\u00bb custom_margin=\u00a0\u00bb6px||0px|||\u00a0\u00bb hover_enabled=\u00a0\u00bb0&Prime; header_2_font_size_tablet=\u00a0\u00bb66px\u00a0\u00bb header_2_font_size_phone=\u00a0\u00bb36px\u00a0\u00bb header_2_font_size_last_edited=\u00a0\u00bbon|phone\u00a0\u00bb]<\/p>\n<p>Le conseil d\u2019administration agir \u00e0 titre de porte-parole pour l&rsquo;Association,<br \/>coordonne les activit\u00e9s de l&rsquo;Association, et<br \/>entretient le dialogue avec les groupes de travail.<\/p>\n<p>[\/et_pb_text][\/et_pb_column][\/et_pb_row][\/et_pb_section][et_pb_section fb_built=\u00a0\u00bb1&Prime; custom_padding_last_edited=\u00a0\u00bbon|phone\u00a0\u00bb prev_background_color=\u00a0\u00bb#ffffff\u00a0\u00bb next_background_color=\u00a0\u00bb#ffffff\u00a0\u00bb admin_label=\u00a0\u00bbOur History\u00a0\u00bb _builder_version=\u00a0\u00bb4.4.8&Prime; use_background_color_gradient=\u00a0\u00bbon\u00a0\u00bb background_color_gradient_start=\u00a0\u00bbrgba(27,31,37,0.3)\u00a0\u00bb background_color_gradient_end=\u00a0\u00bb#1b1f25&Prime; background_color_gradient_overlays_image=\u00a0\u00bbon\u00a0\u00bb background_image=\u00a0\u00bbhttps:\/\/carwh.ca\/wp-content\/uploads\/2020\/06\/letter-to-Truddeau-scaled.jpg\u00a0\u00bb custom_margin=\u00a0\u00bb-21px|||||\u00a0\u00bb custom_padding=\u00a0\u00bb175px||21px||false|false\u00a0\u00bb custom_padding_tablet=\u00a0\u00bb|||\u00a0\u00bb custom_padding_phone=\u00a0\u00bb100px|||\u00a0\u00bb top_divider_style=\u00a0\u00bbarrow\u00a0\u00bb top_divider_height_tablet=\u00a0\u00bb\u00a0\u00bb top_divider_height_phone=\u00a0\u00bb50px\u00a0\u00bb top_divider_height_last_edited=\u00a0\u00bbon|phone\u00a0\u00bb bottom_divider_style=\u00a0\u00bbarrow\u00a0\u00bb box_shadow_style=\u00a0\u00bbpreset7&Prime; box_shadow_horizontal=\u00a0\u00bb0px\u00a0\u00bb box_shadow_vertical=\u00a0\u00bb-150px\u00a0\u00bb box_shadow_color=\u00a0\u00bb#ffffff\u00a0\u00bb locked=\u00a0\u00bboff\u00a0\u00bb][et_pb_row custom_padding_last_edited=\u00a0\u00bboff|desktop\u00a0\u00bb admin_label=\u00a0\u00bbRow\u00a0\u00bb _builder_version=\u00a0\u00bb4.4.8&Prime; background_color=\u00a0\u00bb#f7f7f7&Prime; module_alignment=\u00a0\u00bbcenter\u00a0\u00bb custom_margin=\u00a0\u00bb0px|||\u00a0\u00bb custom_padding=\u00a0\u00bb76px|5%|125px|5%||true\u00a0\u00bb use_custom_width=\u00a0\u00bbon\u00a0\u00bb locked=\u00a0\u00bboff\u00a0\u00bb][et_pb_column type=\u00a0\u00bb4_4&Prime; _builder_version=\u00a0\u00bb3.25&Prime; custom_padding=\u00a0\u00bb|||\u00a0\u00bb custom_padding__hover=\u00a0\u00bb|||\u00a0\u00bb][et_pb_text admin_label=\u00a0\u00bbList\u00a0\u00bb _builder_version=\u00a0\u00bb4.4.8&Prime; text_font=\u00a0\u00bbRaleway||||||||\u00a0\u00bb text_font_size=\u00a0\u00bb20px\u00a0\u00bb text_line_height=\u00a0\u00bb2em\u00a0\u00bb header_font=\u00a0\u00bb||||||||\u00a0\u00bb header_2_font=\u00a0\u00bbBebas Neue||||||||\u00a0\u00bb header_2_font_size=\u00a0\u00bb61px\u00a0\u00bb background_color=\u00a0\u00bb#f7f7f7&Prime; max_width=\u00a0\u00bb700px\u00a0\u00bb module_alignment=\u00a0\u00bbcenter\u00a0\u00bb custom_margin=\u00a0\u00bb||0px|\u00a0\u00bb hover_enabled=\u00a0\u00bb0&Prime; header_2_font_size_tablet=\u00a0\u00bb66px\u00a0\u00bb header_2_font_size_phone=\u00a0\u00bb36px\u00a0\u00bb header_2_font_size_last_edited=\u00a0\u00bbon|phone\u00a0\u00bb]<\/p>\n<h2>Membres du conseil 2024<\/h2>\n<p><b><strong>\u00a0<\/strong><\/b><\/p>\n<p data-start=\"51\" data-end=\"181\"><strong data-start=\"51\" data-end=\"86\">Kim Cullen, Ph. D. (Pr\u00e9sidente)<\/strong><br data-start=\"86\" data-end=\"89\" \/>Professeure agr\u00e9g\u00e9e, \u00c9cole de kin\u00e9siologie et de loisirs, Universit\u00e9 Memorial de Terre-Neuve<\/p>\n<p data-start=\"183\" data-end=\"329\"><strong data-start=\"183\" data-end=\"257\">Kathryn Sinden, Ph. D. (Pr\u00e9sidente sortante et tr\u00e9sori\u00e8re par int\u00e9rim)<\/strong><br data-start=\"257\" data-end=\"260\" \/>Professeure agr\u00e9g\u00e9e, D\u00e9partement de kin\u00e9siologie, Universit\u00e9 Lakehead<\/p>\n<p data-start=\"331\" data-end=\"518\"><strong data-start=\"331\" data-end=\"377\">Aviroop Biswas, Ph. D. (Pr\u00e9sident d\u00e9sign\u00e9)<\/strong><br data-start=\"377\" data-end=\"380\" \/>Chercheur, Institut de recherche sur le travail et la sant\u00e9; Professeur adjoint, \u00c9cole de sant\u00e9 publique Dalla Lana, Universit\u00e9 de Toronto<\/p>\n<p data-start=\"520\" data-end=\"634\"><strong data-start=\"520\" data-end=\"557\">David Kinitz, Ph. D. (Secr\u00e9taire)<\/strong><br data-start=\"557\" data-end=\"560\" \/>Professeur adjoint, Coll\u00e8ge de travail social, Universit\u00e9 d&rsquo;\u00c9tat de l&rsquo;Ohio<\/p>\n<p data-start=\"636\" data-end=\"791\"><strong data-start=\"636\" data-end=\"708\">Momtaz Begum, Candidate au doctorat (Responsable des communications)<\/strong><br data-start=\"708\" data-end=\"711\" \/>Candidate au doctorat, \u00c9cole de sant\u00e9 publique Dalla Lana, Universit\u00e9 de Toronto<\/p>\n<p data-start=\"793\" data-end=\"975\"><strong data-start=\"793\" data-end=\"843\">Basak Yanar, Ph. D. (Membre sans portefeuille)<\/strong><br data-start=\"843\" data-end=\"846\" \/>Institut de recherche sur le travail et la sant\u00e9; Professeure adjointe, \u00c9cole de sant\u00e9 publique Dalla Lana, Universit\u00e9 de Toronto<\/p>\n<p data-start=\"977\" data-end=\"1167\"><strong data-start=\"977\" data-end=\"1048\">Chun-Yip Hon, Ph. D., CPHI(C), CRSP, CIH (Membre sans portefeuille)<\/strong><br data-start=\"1048\" data-end=\"1051\" \/>Professeur agr\u00e9g\u00e9, \u00c9cole des sciences de la sant\u00e9 au travail, The Chang School, Universit\u00e9 M\u00e9tropolitaine de Toronto<\/p>\n<p data-start=\"1169\" data-end=\"1298\"><strong data-start=\"1169\" data-end=\"1218\">Desai Shan, Ph. D. (Membre sans portefeuille)<\/strong><br data-start=\"1218\" data-end=\"1221\" \/>Professeure adjointe, Facult\u00e9 de m\u00e9decine, Universit\u00e9 Memorial de Terre-Neuve<\/p>\n<p data-start=\"1300\" data-end=\"1396\"><strong data-start=\"1300\" data-end=\"1362\">Dorothy Wigmore, M. Sc., M.F.A. (Membre sans portefeuille)<\/strong><br data-start=\"1362\" data-end=\"1365\" \/>Sp\u00e9cialiste en sant\u00e9 au travail<\/p>\n<p data-start=\"1398\" data-end=\"1520\"><strong data-start=\"1398\" data-end=\"1446\">Edda Bild, Ph. D. (Membre sans portefeuille)<\/strong><br data-start=\"1446\" data-end=\"1449\" \/>Associ\u00e9e de recherche, Institut de recherche sur le travail et la sant\u00e9<\/p>\n<p data-start=\"1522\" data-end=\"1659\"><strong data-start=\"1522\" data-end=\"1585\">Maria Andree Lopez Gomez, Ph. D. (Membre sans portefeuille)<\/strong><br data-start=\"1585\" data-end=\"1588\" \/>Boursi\u00e8re postdoctorale, D\u00e9partement de sociologie, Universit\u00e9 Memorial<\/p>\n<p data-start=\"1661\" data-end=\"1788\"><strong data-start=\"1661\" data-end=\"1715\">Marie-Eve Major, Ph. D. (Membre sans portefeuille)<\/strong><br data-start=\"1715\" data-end=\"1718\" \/>Professeure, D\u00e9partement des relations industrielles, Universit\u00e9 Laval<\/p>\n<p data-start=\"1790\" data-end=\"1946\"><strong data-start=\"1790\" data-end=\"1844\">Sonja Senthanar, Ph. D. (Membre sans portefeuille)<\/strong><br data-start=\"1844\" data-end=\"1847\" \/>Professeure adjointe, \u00c9cole des sciences de la sant\u00e9, Universit\u00e9 du Nord de la Colombie-Britannique<b><\/b><\/p>\n<p>[\/et_pb_text][\/et_pb_column][\/et_pb_row][\/et_pb_section]<\/p>\n","protected":false},"excerpt":{"rendered":"<p>[et_pb_section fb_built=\u00a0\u00bb1&Prime; custom_padding_last_edited=\u00a0\u00bbon|desktop\u00a0\u00bb admin_label=\u00a0\u00bbHero Section\u00a0\u00bb _builder_version=\u00a0\u00bb4.4.8&Prime; use_background_color_gradient=\u00a0\u00bbon\u00a0\u00bb background_color_gradient_start=\u00a0\u00bbrgba(10,10,10,0.44)\u00a0\u00bb background_color_gradient_end=\u00a0\u00bbrgba(58,58,58,0.38)\u00a0\u00bb background_color_gradient_direction=\u00a0\u00bb169deg\u00a0\u00bb background_color_gradient_start_position=\u00a0\u00bb20%\u00a0\u00bb background_color_gradient_overlays_image=\u00a0\u00bbon\u00a0\u00bb background_image=\u00a0\u00bbhttps:\/\/carwh.ca\/wp-content\/uploads\/2020\/07\/3196-scaled.jpg\u00a0\u00bb custom_margin=\u00a0\u00bb|||\u00a0\u00bb custom_padding=\u00a0\u00bb119px|0px|119px|0px\u00a0\u00bb custom_padding_tablet=\u00a0\u00bb\u00a0\u00bb custom_padding_phone=\u00a0\u00bb85px||85px||true|false\u00a0\u00bb][et_pb_row custom_padding_last_edited=\u00a0\u00bboff|desktop\u00a0\u00bb admin_label=\u00a0\u00bbHero Area\u00a0\u00bb _builder_version=\u00a0\u00bb3.25&Prime; custom_padding=\u00a0\u00bb27px|0px|0px|0px\u00a0\u00bb][et_pb_column type=\u00a0\u00bb4_4&Prime; _builder_version=\u00a0\u00bb3.25&Prime; custom_padding=\u00a0\u00bb|||\u00a0\u00bb custom_padding__hover=\u00a0\u00bb|||\u00a0\u00bb][et_pb_text admin_label=\u00a0\u00bbHero Title\u00a0\u00bb _builder_version=\u00a0\u00bb4.4.8&Prime; text_font=\u00a0\u00bbPlayfair Display||||||||\u00a0\u00bb header_font=\u00a0\u00bbBebas Neue|||on|||||\u00a0\u00bb header_text_color=\u00a0\u00bb#ffffff\u00a0\u00bb header_font_size=\u00a0\u00bb95px\u00a0\u00bb header_letter_spacing=\u00a0\u00bb2px\u00a0\u00bb header_line_height=\u00a0\u00bb1.1em\u00a0\u00bb custom_margin=\u00a0\u00bb||0px|\u00a0\u00bb custom_padding=\u00a0\u00bb|||\u00a0\u00bb animation_style=\u00a0\u00bbslide\u00a0\u00bb animation_direction=\u00a0\u00bbleft\u00a0\u00bb animation_intensity_slide=\u00a0\u00bb5%\u00a0\u00bb animation_starting_opacity=\u00a0\u00bb100%\u00a0\u00bb hover_enabled=\u00a0\u00bb0&Prime; text_font_size_last_edited=\u00a0\u00bboff|desktop\u00a0\u00bb header_font_size_tablet=\u00a0\u00bb\u00a0\u00bb header_font_size_phone=\u00a0\u00bb60px\u00a0\u00bb header_font_size_last_edited=\u00a0\u00bbon|phone\u00a0\u00bb header_text_shadow_style=\u00a0\u00bbpreset1&Prime; header_text_shadow_blur_strength=\u00a0\u00bb0.22em\u00a0\u00bb header_text_shadow_blur_strength_tablet=\u00a0\u00bb\u00a0\u00bb header_text_shadow_blur_strength_phone=\u00a0\u00bb\u00a0\u00bb header_text_shadow_blur_strength_last_edited=\u00a0\u00bbon|desktop\u00a0\u00bb] Conseil d\u2019administration [&hellip;]<\/p>\n","protected":false},"author":1,"featured_media":727,"parent":0,"menu_order":0,"comment_status":"closed","ping_status":"closed","template":"","meta":{"_et_pb_use_builder":"on","_et_pb_old_content":"","_et_gb_content_width":""},"yoast_head":"<!-- This site is optimized with the Yoast SEO plugin v15.2.1 - https:\/\/yoast.com\/wordpress\/plugins\/seo\/ -->\n<title>Conseil d\u2019administration | l&#039;ACRST<\/title>\n<meta name=\"description\" content=\"Le conseil d&#039;administration agit comme porte-parole de l&#039;association, coordonne les activit\u00e9s et communique avec les groupes de travail.\" \/>\n<meta name=\"robots\" content=\"index, follow, max-snippet:-1, max-image-preview:large, max-video-preview:-1\" \/>\n<link rel=\"canonical\" href=\"https:\/\/carwh.ca\/fr\/conseil-dadministration\/\" \/>\n<meta property=\"og:locale\" content=\"fr_FR\" \/>\n<meta property=\"og:type\" content=\"article\" \/>\n<meta property=\"og:title\" content=\"Conseil d\u2019administration | l&#039;ACRST\" \/>\n<meta property=\"og:description\" content=\"Le conseil d&#039;administration agit comme porte-parole de l&#039;association, coordonne les activit\u00e9s et communique avec les groupes de travail.\" \/>\n<meta property=\"og:url\" content=\"https:\/\/carwh.ca\/fr\/conseil-dadministration\/\" \/>\n<meta property=\"og:site_name\" content=\"Canadian Association for Research on Work and Health\" \/>\n<meta property=\"article:modified_time\" content=\"2025-05-30T17:56:38+00:00\" \/>\n<meta property=\"og:image\" content=\"https:\/\/carwh.ca\/wp-content\/uploads\/2020\/07\/members-V2-scaled.jpg\" \/>\n\t<meta property=\"og:image:width\" content=\"2560\" \/>\n\t<meta property=\"og:image:height\" content=\"1707\" \/>\n<meta name=\"twitter:card\" content=\"summary\" \/>\n<meta name=\"twitter:label1\" content=\"\u00c9crit par\">\n\t<meta name=\"twitter:data1\" content=\"U7 Solutions\">\n\t<meta name=\"twitter:label2\" content=\"Dur\u00e9e de lecture est.\">\n\t<meta name=\"twitter:data2\" content=\"4 minutes\">\n<script type=\"application\/ld+json\" class=\"yoast-schema-graph\">{\"@context\":\"https:\/\/schema.org\",\"@graph\":[{\"@type\":\"WebSite\",\"@id\":\"https:\/\/carwh.ca\/#website\",\"url\":\"https:\/\/carwh.ca\/\",\"name\":\"Canadian Association for Research on Work and Health\",\"description\":\"Just another WordPress site\",\"potentialAction\":[{\"@type\":\"SearchAction\",\"target\":\"https:\/\/carwh.ca\/?s={search_term_string}\",\"query-input\":\"required name=search_term_string\"}],\"inLanguage\":\"fr-FR\"},{\"@type\":\"ImageObject\",\"@id\":\"https:\/\/carwh.ca\/fr\/conseil-dadministration\/#primaryimage\",\"inLanguage\":\"fr-FR\",\"url\":\"https:\/\/carwh.ca\/wp-content\/uploads\/2020\/07\/members-V2-scaled.jpg\",\"width\":2560,\"height\":1707,\"caption\":\"Concept de poign\\u00e9e de main d'emploi, femme hr et femme candidate r\\u00e9ussie se serrant la main se faire embaucher pr\\u00eat \\u00e0 signer le concept de contrat de travail, employeur f\\u00e9licitant le nouveau travailleur accueillant, vue en gros\"},{\"@type\":\"WebPage\",\"@id\":\"https:\/\/carwh.ca\/fr\/conseil-dadministration\/#webpage\",\"url\":\"https:\/\/carwh.ca\/fr\/conseil-dadministration\/\",\"name\":\"Conseil d\\u2019administration | l'ACRST\",\"isPartOf\":{\"@id\":\"https:\/\/carwh.ca\/#website\"},\"primaryImageOfPage\":{\"@id\":\"https:\/\/carwh.ca\/fr\/conseil-dadministration\/#primaryimage\"},\"datePublished\":\"2020-07-17T20:09:37+00:00\",\"dateModified\":\"2025-05-30T17:56:38+00:00\",\"description\":\"Le conseil d'administration agit comme porte-parole de l'association, coordonne les activit\\u00e9s et communique avec les groupes de travail.\",\"inLanguage\":\"fr-FR\",\"potentialAction\":[{\"@type\":\"ReadAction\",\"target\":[\"https:\/\/carwh.ca\/fr\/conseil-dadministration\/\"]}]}]}<\/script>\n<!-- \/ Yoast SEO plugin. -->","_links":{"self":[{"href":"https:\/\/carwh.ca\/fr\/wp-json\/wp\/v2\/pages\/623\/"}],"collection":[{"href":"https:\/\/carwh.ca\/fr\/wp-json\/wp\/v2\/pages\/"}],"about":[{"href":"https:\/\/carwh.ca\/fr\/wp-json\/wp\/v2\/types\/page\/"}],"author":[{"embeddable":true,"href":"https:\/\/carwh.ca\/fr\/wp-json\/wp\/v2\/users\/1\/"}],"replies":[{"embeddable":true,"href":"https:\/\/carwh.ca\/fr\/wp-json\/wp\/v2\/comments\/?post=623"}],"version-history":[{"count":4,"href":"https:\/\/carwh.ca\/fr\/wp-json\/wp\/v2\/pages\/623\/revisions\/"}],"predecessor-version":[{"id":3694,"href":"https:\/\/carwh.ca\/fr\/wp-json\/wp\/v2\/pages\/623\/revisions\/3694\/"}],"wp:featuredmedia":[{"embeddable":true,"href":"https:\/\/carwh.ca\/fr\/wp-json\/wp\/v2\/media\/727\/"}],"wp:attachment":[{"href":"https:\/\/carwh.ca\/fr\/wp-json\/wp\/v2\/media\/?parent=623"}],"curies":[{"name":"wp","href":"https:\/\/api.w.org\/{rel}","templated":true}]}}