{"id":664,"date":"2020-07-21T09:31:15","date_gmt":"2020-07-21T13:31:15","guid":{"rendered":"http:\/\/192.99.91.64\/~carwhca\/?page_id=664"},"modified":"2020-11-06T19:47:26","modified_gmt":"2020-11-07T00:47:26","slug":"buts","status":"publish","type":"page","link":"https:\/\/carwh.ca\/fr\/buts\/","title":{"rendered":"Buts"},"content":{"rendered":"<p>[et_pb_section fb_built=\u00a0\u00bb1&Prime; custom_padding_last_edited=\u00a0\u00bbon|desktop\u00a0\u00bb admin_label=\u00a0\u00bbHero Section\u00a0\u00bb _builder_version=\u00a0\u00bb4.4.8&Prime; use_background_color_gradient=\u00a0\u00bbon\u00a0\u00bb background_color_gradient_start=\u00a0\u00bbrgba(10,10,10,0.44)\u00a0\u00bb background_color_gradient_end=\u00a0\u00bbrgba(58,58,58,0.38)\u00a0\u00bb background_color_gradient_direction=\u00a0\u00bb169deg\u00a0\u00bb background_color_gradient_start_position=\u00a0\u00bb20%\u00a0\u00bb background_color_gradient_overlays_image=\u00a0\u00bbon\u00a0\u00bb background_image=\u00a0\u00bbhttps:\/\/carwh.ca\/wp-content\/uploads\/2020\/07\/researchers-scaled.jpg\u00a0\u00bb custom_margin=\u00a0\u00bb|||\u00a0\u00bb custom_padding=\u00a0\u00bb119px|0px|119px|0px\u00a0\u00bb custom_padding_tablet=\u00a0\u00bb\u00a0\u00bb custom_padding_phone=\u00a0\u00bb85px||85px||true|false\u00a0\u00bb hover_enabled=\u00a0\u00bb0&Prime; alt=\u00a0\u00bbGroupe d&rsquo;analyse de gens d&rsquo;affaires avec graphique de rapport marketing, de jeunes sp\u00e9cialistes discutent d&rsquo;id\u00e9es commerciales.\u00a0\u00bb title_text=\u00a0\u00bbr\u00e9union d&rsquo;affaires\u00a0\u00bb][et_pb_row custom_padding_last_edited=\u00a0\u00bboff|desktop\u00a0\u00bb admin_label=\u00a0\u00bbHero Area\u00a0\u00bb _builder_version=\u00a0\u00bb3.25&Prime; custom_padding=\u00a0\u00bb27px|0px|0px|0px\u00a0\u00bb][et_pb_column type=\u00a0\u00bb4_4&Prime; _builder_version=\u00a0\u00bb3.25&Prime; custom_padding=\u00a0\u00bb|||\u00a0\u00bb custom_padding__hover=\u00a0\u00bb|||\u00a0\u00bb][et_pb_text admin_label=\u00a0\u00bbHero Title\u00a0\u00bb _builder_version=\u00a0\u00bb4.4.8&Prime; text_font=\u00a0\u00bbPlayfair Display||||||||\u00a0\u00bb header_font=\u00a0\u00bbBebas Neue|||on|||||\u00a0\u00bb header_text_color=\u00a0\u00bb#ffffff\u00a0\u00bb header_font_size=\u00a0\u00bb95px\u00a0\u00bb header_letter_spacing=\u00a0\u00bb2px\u00a0\u00bb header_line_height=\u00a0\u00bb1.1em\u00a0\u00bb custom_margin=\u00a0\u00bb||0px|\u00a0\u00bb custom_padding=\u00a0\u00bb|||\u00a0\u00bb animation_style=\u00a0\u00bbslide\u00a0\u00bb animation_direction=\u00a0\u00bbleft\u00a0\u00bb animation_intensity_slide=\u00a0\u00bb5%\u00a0\u00bb animation_starting_opacity=\u00a0\u00bb100%\u00a0\u00bb text_font_size_last_edited=\u00a0\u00bboff|desktop\u00a0\u00bb header_font_size_tablet=\u00a0\u00bb\u00a0\u00bb header_font_size_phone=\u00a0\u00bb60px\u00a0\u00bb header_font_size_last_edited=\u00a0\u00bbon|phone\u00a0\u00bb header_text_shadow_style=\u00a0\u00bbpreset1&Prime; header_text_shadow_blur_strength=\u00a0\u00bb0.22em\u00a0\u00bb header_text_shadow_blur_strength_tablet=\u00a0\u00bb\u00a0\u00bb header_text_shadow_blur_strength_phone=\u00a0\u00bb\u00a0\u00bb header_text_shadow_blur_strength_last_edited=\u00a0\u00bbon|desktop\u00a0\u00bb]<\/p>\n<h1>Buts<\/h1>\n<p>[\/et_pb_text][\/et_pb_column][\/et_pb_row][\/et_pb_section][et_pb_section fb_built=\u00a0\u00bb1&Prime; admin_label=\u00a0\u00bbAbout Us\u00a0\u00bb _builder_version=\u00a0\u00bb3.22&Prime; custom_padding=\u00a0\u00bb103px|0px||0px|false|false\u00a0\u00bb][et_pb_row _builder_version=\u00a0\u00bb3.25&Prime; max_width=\u00a0\u00bb960px\u00a0\u00bb module_alignment=\u00a0\u00bbcenter\u00a0\u00bb use_custom_width=\u00a0\u00bbon\u00a0\u00bb custom_width_px=\u00a0\u00bb960px\u00a0\u00bb locked=\u00a0\u00bboff\u00a0\u00bb][et_pb_column type=\u00a0\u00bb4_4&Prime; _builder_version=\u00a0\u00bb3.25&Prime; custom_padding=\u00a0\u00bb|||\u00a0\u00bb custom_padding__hover=\u00a0\u00bb|||\u00a0\u00bb][et_pb_text admin_label=\u00a0\u00bbTitle\u00a0\u00bb _builder_version=\u00a0\u00bb4.4.8&Prime; text_font=\u00a0\u00bbRaleway||||||||\u00a0\u00bb text_font_size=\u00a0\u00bb20px\u00a0\u00bb text_line_height=\u00a0\u00bb1.8em\u00a0\u00bb header_font=\u00a0\u00bb||||||||\u00a0\u00bb header_2_font=\u00a0\u00bbTeko||||||||\u00a0\u00bb header_2_font_size=\u00a0\u00bb96px\u00a0\u00bb text_orientation=\u00a0\u00bbcenter\u00a0\u00bb max_width=\u00a0\u00bb750px\u00a0\u00bb module_alignment=\u00a0\u00bbcenter\u00a0\u00bb custom_margin=\u00a0\u00bb|||\u00a0\u00bb header_2_font_size_tablet=\u00a0\u00bb66px\u00a0\u00bb header_2_font_size_phone=\u00a0\u00bb36px\u00a0\u00bb header_2_font_size_last_edited=\u00a0\u00bbon|phone\u00a0\u00bb]<\/p>\n<p>Les buts particuliers de l&rsquo;association se regroupent sous trois grandes cat\u00e9gories:\n<\/p>\n<p>[\/et_pb_text][et_pb_text admin_label=\u00a0\u00bbTitle\u00a0\u00bb _builder_version=\u00a0\u00bb4.4.8&Prime; text_font=\u00a0\u00bbRaleway||||||||\u00a0\u00bb text_font_size=\u00a0\u00bb20px\u00a0\u00bb text_line_height=\u00a0\u00bb1.8em\u00a0\u00bb header_font=\u00a0\u00bb||||||||\u00a0\u00bb header_2_font=\u00a0\u00bbTeko||||||||\u00a0\u00bb header_2_font_size=\u00a0\u00bb96px\u00a0\u00bb text_orientation=\u00a0\u00bbcenter\u00a0\u00bb max_width=\u00a0\u00bb750px\u00a0\u00bb module_alignment=\u00a0\u00bbcenter\u00a0\u00bb custom_margin=\u00a0\u00bb|||\u00a0\u00bb header_2_font_size_tablet=\u00a0\u00bb66px\u00a0\u00bb header_2_font_size_phone=\u00a0\u00bb36px\u00a0\u00bb header_2_font_size_last_edited=\u00a0\u00bbon|phone\u00a0\u00bb]<\/p>\n<p>\n1. Promouvoir la recherche en sant\u00e9 au travail au Canada\n<\/p>\n<p>[\/et_pb_text][et_pb_text admin_label=\u00a0\u00bbTitle\u00a0\u00bb _builder_version=\u00a0\u00bb4.4.8&Prime; text_font=\u00a0\u00bbRaleway||||||||\u00a0\u00bb text_font_size=\u00a0\u00bb20px\u00a0\u00bb text_line_height=\u00a0\u00bb1.8em\u00a0\u00bb header_font=\u00a0\u00bb||||||||\u00a0\u00bb header_2_font=\u00a0\u00bbTeko||||||||\u00a0\u00bb header_2_font_size=\u00a0\u00bb96px\u00a0\u00bb text_orientation=\u00a0\u00bbcenter\u00a0\u00bb max_width=\u00a0\u00bb750px\u00a0\u00bb module_alignment=\u00a0\u00bbcenter\u00a0\u00bb custom_margin=\u00a0\u00bb|||\u00a0\u00bb header_2_font_size_tablet=\u00a0\u00bb66px\u00a0\u00bb header_2_font_size_phone=\u00a0\u00bb36px\u00a0\u00bb header_2_font_size_last_edited=\u00a0\u00bbon|phone\u00a0\u00bb]<\/p>\n<p>2. Repr\u00e9senter la communaut\u00e9 des chercheurs et chercheuses en sant\u00e9 au travail<\/p>\n<p>[\/et_pb_text][et_pb_text admin_label=\u00a0\u00bbTitle\u00a0\u00bb _builder_version=\u00a0\u00bb4.4.8&Prime; text_font=\u00a0\u00bbRaleway||||||||\u00a0\u00bb text_font_size=\u00a0\u00bb20px\u00a0\u00bb text_line_height=\u00a0\u00bb1.8em\u00a0\u00bb header_font=\u00a0\u00bb||||||||\u00a0\u00bb header_2_font=\u00a0\u00bbTeko||||||||\u00a0\u00bb header_2_font_size=\u00a0\u00bb96px\u00a0\u00bb text_orientation=\u00a0\u00bbcenter\u00a0\u00bb max_width=\u00a0\u00bb750px\u00a0\u00bb module_alignment=\u00a0\u00bbcenter\u00a0\u00bb custom_margin=\u00a0\u00bb|||\u00a0\u00bb header_2_font_size_tablet=\u00a0\u00bb66px\u00a0\u00bb header_2_font_size_phone=\u00a0\u00bb36px\u00a0\u00bb header_2_font_size_last_edited=\u00a0\u00bbon|phone\u00a0\u00bb]<\/p>\n<p>3. Stimuler des liens de coll\u00e9gialit\u00e9 et d&rsquo;\u00e9change de connaissances entre les chercheurs et chercheuses en sant\u00e9 au travail<\/p>\n<p>[\/et_pb_text][\/et_pb_column][\/et_pb_row][\/et_pb_section][et_pb_section fb_built=\u00a0\u00bb1&Prime; custom_padding_last_edited=\u00a0\u00bbon|phone\u00a0\u00bb prev_background_color=\u00a0\u00bb#ffffff\u00a0\u00bb next_background_color=\u00a0\u00bb#ffffff\u00a0\u00bb admin_label=\u00a0\u00bbOur History\u00a0\u00bb _builder_version=\u00a0\u00bb4.4.8&Prime; use_background_color_gradient=\u00a0\u00bbon\u00a0\u00bb background_color_gradient_start=\u00a0\u00bbrgba(27,31,37,0.3)\u00a0\u00bb background_color_gradient_end=\u00a0\u00bb#1b1f25&Prime; background_color_gradient_overlays_image=\u00a0\u00bbon\u00a0\u00bb background_image=\u00a0\u00bbhttps:\/\/carwh.ca\/wp-content\/uploads\/2020\/06\/letter-to-Truddeau-scaled.jpg\u00a0\u00bb custom_margin=\u00a0\u00bb-21px|||||\u00a0\u00bb custom_padding=\u00a0\u00bb175px||21px||false|false\u00a0\u00bb custom_padding_tablet=\u00a0\u00bb|||\u00a0\u00bb custom_padding_phone=\u00a0\u00bb100px|||\u00a0\u00bb top_divider_style=\u00a0\u00bbarrow\u00a0\u00bb top_divider_height_tablet=\u00a0\u00bb\u00a0\u00bb top_divider_height_phone=\u00a0\u00bb50px\u00a0\u00bb top_divider_height_last_edited=\u00a0\u00bbon|phone\u00a0\u00bb bottom_divider_style=\u00a0\u00bbarrow\u00a0\u00bb box_shadow_style=\u00a0\u00bbpreset7&Prime; box_shadow_horizontal=\u00a0\u00bb0px\u00a0\u00bb box_shadow_vertical=\u00a0\u00bb-150px\u00a0\u00bb box_shadow_color=\u00a0\u00bb#ffffff\u00a0\u00bb locked=\u00a0\u00bboff\u00a0\u00bb][et_pb_row custom_padding_last_edited=\u00a0\u00bboff|desktop\u00a0\u00bb _builder_version=\u00a0\u00bb3.25&Prime; background_color=\u00a0\u00bb#f7f7f7&Prime; module_alignment=\u00a0\u00bbcenter\u00a0\u00bb custom_margin=\u00a0\u00bb0px|||\u00a0\u00bb custom_padding=\u00a0\u00bb109px|5%|80px|5%||true\u00a0\u00bb use_custom_width=\u00a0\u00bbon\u00a0\u00bb locked=\u00a0\u00bboff\u00a0\u00bb][et_pb_column type=\u00a0\u00bb4_4&Prime; _builder_version=\u00a0\u00bb3.25&Prime; custom_padding=\u00a0\u00bb|||\u00a0\u00bb custom_padding__hover=\u00a0\u00bb|||\u00a0\u00bb][et_pb_text admin_label=\u00a0\u00bbTitle\u00a0\u00bb _builder_version=\u00a0\u00bb4.4.8&Prime; text_font=\u00a0\u00bbLato||||||||\u00a0\u00bb text_font_size=\u00a0\u00bb20px\u00a0\u00bb text_line_height=\u00a0\u00bb1.8em\u00a0\u00bb header_font=\u00a0\u00bb||||||||\u00a0\u00bb header_2_font=\u00a0\u00bbBebas Neue||||||||\u00a0\u00bb header_2_font_size=\u00a0\u00bb61px\u00a0\u00bb background_color=\u00a0\u00bb#f7f7f7&Prime; max_width=\u00a0\u00bb700px\u00a0\u00bb module_alignment=\u00a0\u00bbcenter\u00a0\u00bb custom_margin=\u00a0\u00bb||0px|\u00a0\u00bb header_2_font_size_tablet=\u00a0\u00bb66px\u00a0\u00bb header_2_font_size_phone=\u00a0\u00bb36px\u00a0\u00bb header_2_font_size_last_edited=\u00a0\u00bbon|phone\u00a0\u00bb]<\/p>\n<h2>1. Promouvoir la recherche en sant\u00e9 au travail au Canada<\/h2>\n<p>&nbsp;<\/p>\n<ul>\n<li>Susciter l&rsquo;int\u00e9r\u00eat des organismes de financement, des minist\u00e8res f\u00e9d\u00e9raux et autres intervenants \u00e0 l&rsquo;\u00e9gard de la recherche en sant\u00e9 au travail<\/li>\n<\/ul>\n<ul>\n<li>Sensibiliser les groupes d&rsquo;int\u00e9r\u00eats et le public \u00e0 l&rsquo;importance de la recherche.<br \/> Favoriser le transfert des r\u00e9sultats des recherches aux utilisateurs<\/li>\n<\/ul>\n<ul>\n<li>Promouvoir des politiques visant \u00e0 faciliter la recherche en sant\u00e9 au travail (ex. acc\u00e8s aux milieux de travail, lois sur le respect de la vie priv\u00e9e, etc.).<\/li>\n<\/ul>\n<ul>\n<li>\u00c9laborer et promouvoir des programmes sp\u00e9cifiques de recherche et d&rsquo;accessibilit\u00e9 aux ressources, notamment dans les cas de projets nationaux (ex. : \u00e9tudes multicentriques, programmes nationaux de surveillance des dangers ou des maladies), qu&rsquo;ils soient li\u00e9s ou non \u00e0 l&rsquo;indemnisation.<\/li>\n<\/ul>\n<ul>\n<li>Promouvoir des activit\u00e9s de pr\u00e9vention et de r\u00e9adaptation (aux \u00e9chelles nationale et provinciales).<\/li>\n<\/ul>\n<p>[\/et_pb_text][\/et_pb_column][\/et_pb_row][et_pb_row custom_padding_last_edited=\u00a0\u00bboff|desktop\u00a0\u00bb _builder_version=\u00a0\u00bb3.25&Prime; background_color=\u00a0\u00bb#f7f7f7&Prime; module_alignment=\u00a0\u00bbcenter\u00a0\u00bb custom_margin=\u00a0\u00bb0px|||\u00a0\u00bb custom_padding=\u00a0\u00bb0px|5%|62px|5%||true\u00a0\u00bb use_custom_width=\u00a0\u00bbon\u00a0\u00bb locked=\u00a0\u00bboff\u00a0\u00bb][et_pb_column type=\u00a0\u00bb4_4&Prime; _builder_version=\u00a0\u00bb3.25&Prime; custom_padding=\u00a0\u00bb|||\u00a0\u00bb custom_padding__hover=\u00a0\u00bb|||\u00a0\u00bb][et_pb_text admin_label=\u00a0\u00bbTitle\u00a0\u00bb _builder_version=\u00a0\u00bb4.4.8&Prime; text_font=\u00a0\u00bbLato||||||||\u00a0\u00bb text_font_size=\u00a0\u00bb20px\u00a0\u00bb text_line_height=\u00a0\u00bb1.8em\u00a0\u00bb header_font=\u00a0\u00bb||||||||\u00a0\u00bb header_2_font=\u00a0\u00bbBebas Neue||||||||\u00a0\u00bb header_2_font_size=\u00a0\u00bb61px\u00a0\u00bb background_color=\u00a0\u00bb#f7f7f7&Prime; max_width=\u00a0\u00bb700px\u00a0\u00bb module_alignment=\u00a0\u00bbcenter\u00a0\u00bb custom_margin=\u00a0\u00bb||0px|\u00a0\u00bb header_2_font_size_tablet=\u00a0\u00bb66px\u00a0\u00bb header_2_font_size_phone=\u00a0\u00bb36px\u00a0\u00bb header_2_font_size_last_edited=\u00a0\u00bbon|phone\u00a0\u00bb]<\/p>\n<h2>2. repr\u00e9senter la communaut\u00e9 des chercheurs et chercheuses en sant\u00e9 au travail<\/h2>\n<p>&nbsp;<\/p>\n<ul>\n<li>Promouvoir l&rsquo;accessibilit\u00e9 aux ressources et aux appuis n\u00e9cessaires pour former, attirer et conserver les chercheurs et chercheuses en sant\u00e9 au travail<\/li>\n<\/ul>\n<ul>\n<li>Favoriser les interactions avec les IRSC pertinents, et repr\u00e9senter la sant\u00e9 au travail aupr\u00e8s de ces instituts<\/li>\n<\/ul>\n<ul>\n<li>Favoriser les collaborations interprovinciales et internationales<\/li>\n<\/ul>\n<ul>\n<li>Favoriser la communication entre les chercheurs et chercheuses, et les d\u00e9cideurs, les praticiens et les associations professionnelles<\/li>\n<\/ul>\n<p>[\/et_pb_text][\/et_pb_column][\/et_pb_row][et_pb_row custom_padding_last_edited=\u00a0\u00bboff|desktop\u00a0\u00bb _builder_version=\u00a0\u00bb3.25&Prime; background_color=\u00a0\u00bb#f7f7f7&Prime; module_alignment=\u00a0\u00bbcenter\u00a0\u00bb custom_margin=\u00a0\u00bb0px|||\u00a0\u00bb custom_padding=\u00a0\u00bb8px|5%|125px|5%||true\u00a0\u00bb use_custom_width=\u00a0\u00bbon\u00a0\u00bb locked=\u00a0\u00bboff\u00a0\u00bb][et_pb_column type=\u00a0\u00bb4_4&Prime; _builder_version=\u00a0\u00bb3.25&Prime; custom_padding=\u00a0\u00bb|||\u00a0\u00bb custom_padding__hover=\u00a0\u00bb|||\u00a0\u00bb][et_pb_text admin_label=\u00a0\u00bbTitle\u00a0\u00bb _builder_version=\u00a0\u00bb4.4.8&Prime; text_font=\u00a0\u00bbLato||||||||\u00a0\u00bb text_font_size=\u00a0\u00bb20px\u00a0\u00bb text_line_height=\u00a0\u00bb1.8em\u00a0\u00bb header_font=\u00a0\u00bb||||||||\u00a0\u00bb header_2_font=\u00a0\u00bbBebas Neue||||||||\u00a0\u00bb header_2_font_size=\u00a0\u00bb61px\u00a0\u00bb background_color=\u00a0\u00bb#f7f7f7&Prime; max_width=\u00a0\u00bb700px\u00a0\u00bb module_alignment=\u00a0\u00bbcenter\u00a0\u00bb custom_margin=\u00a0\u00bb||0px|\u00a0\u00bb header_2_font_size_tablet=\u00a0\u00bb66px\u00a0\u00bb header_2_font_size_phone=\u00a0\u00bb36px\u00a0\u00bb header_2_font_size_last_edited=\u00a0\u00bbon|phone\u00a0\u00bb]<\/p>\n<h2>3. Stimuler des liens de coll\u00e9gialit\u00e9 et d&rsquo;\u00e9change de connaissances entre les chercheurs et chercheuses en sant\u00e9 au travail<\/h2>\n<p>&nbsp;<\/p>\n<ul>\n<li>\u00a0Favoriser la communication et la collaboration entre les chercheurs et chercheuses canadiens du domaine de la sant\u00e9 au travail<\/li>\n<\/ul>\n<ul>\n<li>Cr\u00e9er un forum de discussion pour maintenir une interaction entre les chercheurs et chercheuses et les organismes de recherche<\/li>\n<\/ul>\n<p>[\/et_pb_text][\/et_pb_column][\/et_pb_row][\/et_pb_section]<\/p>\n","protected":false},"excerpt":{"rendered":"<p>[et_pb_section fb_built=\u00a0\u00bb1&Prime; custom_padding_last_edited=\u00a0\u00bbon|desktop\u00a0\u00bb admin_label=\u00a0\u00bbHero Section\u00a0\u00bb _builder_version=\u00a0\u00bb4.4.8&Prime; use_background_color_gradient=\u00a0\u00bbon\u00a0\u00bb background_color_gradient_start=\u00a0\u00bbrgba(10,10,10,0.44)\u00a0\u00bb background_color_gradient_end=\u00a0\u00bbrgba(58,58,58,0.38)\u00a0\u00bb background_color_gradient_direction=\u00a0\u00bb169deg\u00a0\u00bb background_color_gradient_start_position=\u00a0\u00bb20%\u00a0\u00bb background_color_gradient_overlays_image=\u00a0\u00bbon\u00a0\u00bb background_image=\u00a0\u00bbhttps:\/\/carwh.ca\/wp-content\/uploads\/2020\/07\/researchers-scaled.jpg\u00a0\u00bb custom_margin=\u00a0\u00bb|||\u00a0\u00bb custom_padding=\u00a0\u00bb119px|0px|119px|0px\u00a0\u00bb custom_padding_tablet=\u00a0\u00bb\u00a0\u00bb custom_padding_phone=\u00a0\u00bb85px||85px||true|false\u00a0\u00bb hover_enabled=\u00a0\u00bb0&Prime; alt=\u00a0\u00bbGroupe d&rsquo;analyse de gens d&rsquo;affaires avec graphique de rapport marketing, de jeunes sp\u00e9cialistes discutent d&rsquo;id\u00e9es commerciales.\u00a0\u00bb title_text=\u00a0\u00bbr\u00e9union d&rsquo;affaires\u00a0\u00bb][et_pb_row custom_padding_last_edited=\u00a0\u00bboff|desktop\u00a0\u00bb admin_label=\u00a0\u00bbHero Area\u00a0\u00bb _builder_version=\u00a0\u00bb3.25&Prime; custom_padding=\u00a0\u00bb27px|0px|0px|0px\u00a0\u00bb][et_pb_column type=\u00a0\u00bb4_4&Prime; _builder_version=\u00a0\u00bb3.25&Prime; custom_padding=\u00a0\u00bb|||\u00a0\u00bb custom_padding__hover=\u00a0\u00bb|||\u00a0\u00bb][et_pb_text admin_label=\u00a0\u00bbHero Title\u00a0\u00bb _builder_version=\u00a0\u00bb4.4.8&Prime; text_font=\u00a0\u00bbPlayfair Display||||||||\u00a0\u00bb header_font=\u00a0\u00bbBebas Neue|||on|||||\u00a0\u00bb header_text_color=\u00a0\u00bb#ffffff\u00a0\u00bb header_font_size=\u00a0\u00bb95px\u00a0\u00bb header_letter_spacing=\u00a0\u00bb2px\u00a0\u00bb [&hellip;]<\/p>\n","protected":false},"author":1,"featured_media":731,"parent":0,"menu_order":0,"comment_status":"closed","ping_status":"closed","template":"","meta":{"_et_pb_use_builder":"on","_et_pb_old_content":"","_et_gb_content_width":""},"yoast_head":"<!-- This site is optimized with the Yoast SEO plugin v15.2.1 - https:\/\/yoast.com\/wordpress\/plugins\/seo\/ -->\n<title>Buts | L\u2019Association canadienne de recherche en sant\u00e9 au travail<\/title>\n<meta name=\"description\" content=\"L\u2019Association canadienne de recherche en sant\u00e9 au travail a plusieurs objectifs, comme la promotion de la recherche en sant\u00e9 au Canada.\" \/>\n<meta name=\"robots\" content=\"index, follow, max-snippet:-1, max-image-preview:large, max-video-preview:-1\" \/>\n<link rel=\"canonical\" href=\"https:\/\/carwh.ca\/fr\/buts\/\" \/>\n<meta property=\"og:locale\" content=\"fr_FR\" \/>\n<meta property=\"og:type\" content=\"article\" \/>\n<meta property=\"og:title\" content=\"Buts | L\u2019Association canadienne de recherche en sant\u00e9 au travail\" \/>\n<meta property=\"og:description\" content=\"L\u2019Association canadienne de recherche en sant\u00e9 au travail a plusieurs objectifs, comme la promotion de la recherche en sant\u00e9 au Canada.\" \/>\n<meta property=\"og:url\" content=\"https:\/\/carwh.ca\/fr\/buts\/\" \/>\n<meta property=\"og:site_name\" content=\"Canadian Association for Research on Work and Health\" \/>\n<meta property=\"article:modified_time\" content=\"2020-11-07T00:47:26+00:00\" \/>\n<meta property=\"og:image\" content=\"https:\/\/carwh.ca\/wp-content\/uploads\/2020\/07\/researchers-scaled.jpg\" \/>\n\t<meta property=\"og:image:width\" content=\"2560\" \/>\n\t<meta property=\"og:image:height\" content=\"1709\" \/>\n<meta name=\"twitter:card\" content=\"summary\" \/>\n<meta name=\"twitter:label1\" content=\"\u00c9crit par\">\n\t<meta name=\"twitter:data1\" content=\"U7 Solutions\">\n\t<meta name=\"twitter:label2\" content=\"Dur\u00e9e de lecture est.\">\n\t<meta name=\"twitter:data2\" content=\"5 minutes\">\n<script type=\"application\/ld+json\" class=\"yoast-schema-graph\">{\"@context\":\"https:\/\/schema.org\",\"@graph\":[{\"@type\":\"WebSite\",\"@id\":\"https:\/\/carwh.ca\/#website\",\"url\":\"https:\/\/carwh.ca\/\",\"name\":\"Canadian Association for Research on Work and Health\",\"description\":\"Just another WordPress site\",\"potentialAction\":[{\"@type\":\"SearchAction\",\"target\":\"https:\/\/carwh.ca\/?s={search_term_string}\",\"query-input\":\"required name=search_term_string\"}],\"inLanguage\":\"fr-FR\"},{\"@type\":\"ImageObject\",\"@id\":\"https:\/\/carwh.ca\/fr\/buts\/#primaryimage\",\"inLanguage\":\"fr-FR\",\"url\":\"https:\/\/carwh.ca\/wp-content\/uploads\/2020\/07\/researchers-scaled.jpg\",\"width\":2560,\"height\":1709,\"caption\":\"Groupe d'analyse de gens d'affaires avec graphique de rapport marketing, de jeunes sp\\u00e9cialistes discutent d'id\\u00e9es commerciales.\"},{\"@type\":\"WebPage\",\"@id\":\"https:\/\/carwh.ca\/fr\/buts\/#webpage\",\"url\":\"https:\/\/carwh.ca\/fr\/buts\/\",\"name\":\"Buts | L\\u2019Association canadienne de recherche en sant\\u00e9 au travail\",\"isPartOf\":{\"@id\":\"https:\/\/carwh.ca\/#website\"},\"primaryImageOfPage\":{\"@id\":\"https:\/\/carwh.ca\/fr\/buts\/#primaryimage\"},\"datePublished\":\"2020-07-21T13:31:15+00:00\",\"dateModified\":\"2020-11-07T00:47:26+00:00\",\"description\":\"L\\u2019Association canadienne de recherche en sant\\u00e9 au travail a plusieurs objectifs, comme la promotion de la recherche en sant\\u00e9 au Canada.\",\"inLanguage\":\"fr-FR\",\"potentialAction\":[{\"@type\":\"ReadAction\",\"target\":[\"https:\/\/carwh.ca\/fr\/buts\/\"]}]}]}<\/script>\n<!-- \/ Yoast SEO plugin. -->","_links":{"self":[{"href":"https:\/\/carwh.ca\/fr\/wp-json\/wp\/v2\/pages\/664\/"}],"collection":[{"href":"https:\/\/carwh.ca\/fr\/wp-json\/wp\/v2\/pages\/"}],"about":[{"href":"https:\/\/carwh.ca\/fr\/wp-json\/wp\/v2\/types\/page\/"}],"author":[{"embeddable":true,"href":"https:\/\/carwh.ca\/fr\/wp-json\/wp\/v2\/users\/1\/"}],"replies":[{"embeddable":true,"href":"https:\/\/carwh.ca\/fr\/wp-json\/wp\/v2\/comments\/?post=664"}],"version-history":[{"count":4,"href":"https:\/\/carwh.ca\/fr\/wp-json\/wp\/v2\/pages\/664\/revisions\/"}],"predecessor-version":[{"id":1636,"href":"https:\/\/carwh.ca\/fr\/wp-json\/wp\/v2\/pages\/664\/revisions\/1636\/"}],"wp:featuredmedia":[{"embeddable":true,"href":"https:\/\/carwh.ca\/fr\/wp-json\/wp\/v2\/media\/731\/"}],"wp:attachment":[{"href":"https:\/\/carwh.ca\/fr\/wp-json\/wp\/v2\/media\/?parent=664"}],"curies":[{"name":"wp","href":"https:\/\/api.w.org\/{rel}","templated":true}]}}